{"id":10064,"date":"2026-02-23T21:54:27","date_gmt":"2026-02-23T20:54:27","guid":{"rendered":"https:\/\/worldfreestylefootball.org\/?page_id=10064"},"modified":"2026-02-27T09:39:54","modified_gmt":"2026-02-27T08:39:54","slug":"wffa-official-freestyle-football-coaching-certificate","status":"publish","type":"page","link":"https:\/\/worldfreestylefootball.org\/es\/wffa-official-freestyle-football-coaching-certificate\/","title":{"rendered":"Certificado de Entrenador\/a"},"content":{"rendered":"<p>El <strong>Certificado de Entrenador\/a de la WFFA<\/strong> es un documento creado para entrenadores en la comunidad del F\u00fatbol Freestyle que deseen reforzar su perfil profesional a trav\u00e9s de un reconocimiento oficial de la WFFA.<\/p>\n<p>Aunque la certificaci\u00f3n no es obligatoria y quienes ya est\u00e9n ense\u00f1ando F\u00fatbol Freestyle tienen total libertad de seguir haci\u00e9ndolo sin ella, el documento ofrece un valor a\u00f1adido al abrir oportunidades adicionales, aumentar la visibilidad y proporcionar un reconocimiento formal de la experiencia como entrenador o entrenadora.<\/p>\n<p>El proceso apoya el desarrollo personal y profesional de quienes deciden dar el siguiente paso en su trayectoria como entrenador o entrenadora de este deporte.<\/p>\n<h2>Requerimientos de solicitud<\/h2>\n<p>Adem\u00e1s de completar las preguntas de la solicitud y firmar los documentos requeridos, aseg\u00farate de tener preparado lo siguiente:<\/p>\n<ul>\n<li>Una foto de tu <strong>pasaporte<\/strong> o <strong>carn\u00e9 de identidad<\/strong><\/li>\n<li>Un <strong>curr\u00edculo de entrenador<\/strong> (un resumen simplificado es suficiente)<\/li>\n<li>Un <strong>v\u00eddeo grabado<\/strong> de ti entrenando de entre 10 y 30 minutos<\/li>\n<li>Un v\u00eddeo corto demostrando tus <strong>cualidades como freestyler<\/strong> (p. ej. de un evento, competici\u00f3n o actuaci\u00f3n)<\/li>\n<li><strong>Fotos o materiales<\/strong> de al menos un evento en el que hayas participado (flyers, carteles, enlaces, etc.)<\/li>\n<li>Una <strong>carta de apoyo<\/strong> de una escuela, club u organizaci\u00f3n, o de una persona a la que hayas entrenado<\/li>\n<\/ul>\n<h2>Proceso de solicitud<\/h2>\n<p>Una vez tengas todos los documentos preparados, rellena el formulario en l\u00ednea para iniciar el <a href=\"https:\/\/docs.google.com\/forms\/d\/e\/1FAIpQLSdx0qi07eziKrMSU4s2ataEsfU39R9VoOZy14CpuSfUbExjVQ\/viewform?usp=dialog\" target=\"_blank\" rel=\"noopener\"><strong>proceso de solicitud de la certificaci\u00f3n<\/strong><\/a>.<\/p>\n<p>For more information about the WFFA Official Coaching Certification and the process required to obtain it, please contact the WFFA Head of Culture, <strong>Minna Marlo<\/strong>: <a href=\"mailto:minna.marlo@worldfreestylefootball.org\" target=\"_blank\" rel=\"noopener\"><strong>minna.marlo@worldfreestylefootball.org<\/strong><\/a>.<\/p>\n<hr \/>\n<p><span style=\"font-size: 10pt;\">\u00a1Para m\u00e1s informaci\u00f3n sobre las actividades de la\u00a0<strong>WFFA<\/strong>, sigue sus canales oficiales!<\/span><\/p>\n<p><a href=\"https:\/\/www.facebook.com\/thewffa\" target=\"_blank\" rel=\"noopener\"><img decoding=\"async\" class=\"alignnone wp-image-3999\" src=\"https:\/\/wffa.fspdev.com\/wp-content\/uploads\/2021\/06\/facebook-green-150x150.png\" alt=\"\" width=\"40\" height=\"40\" srcset=\"https:\/\/worldfreestylefootball.org\/wp-content\/uploads\/2021\/06\/facebook-green-150x150.png 150w, https:\/\/worldfreestylefootball.org\/wp-content\/uploads\/2021\/06\/facebook-green-300x300.png 300w, https:\/\/worldfreestylefootball.org\/wp-content\/uploads\/2021\/06\/facebook-green-50x50.png 50w, https:\/\/worldfreestylefootball.org\/wp-content\/uploads\/2021\/06\/facebook-green-30x30.png 30w, https:\/\/worldfreestylefootball.org\/wp-content\/uploads\/2021\/06\/facebook-green-100x100.png 100w, https:\/\/worldfreestylefootball.org\/wp-content\/uploads\/2021\/06\/facebook-green-200x200.png 200w, https:\/\/worldfreestylefootball.org\/wp-content\/uploads\/2021\/06\/facebook-green-110x110.png 110w, https:\/\/worldfreestylefootball.org\/wp-content\/uploads\/2021\/06\/facebook-green-360x360.png 360w, https:\/\/worldfreestylefootball.org\/wp-content\/uploads\/2021\/06\/facebook-green-83x83.png 83w, https:\/\/worldfreestylefootball.org\/wp-content\/uploads\/2021\/06\/facebook-green-250x250.png 250w, https:\/\/worldfreestylefootball.org\/wp-content\/uploads\/2021\/06\/facebook-green.png 512w\" sizes=\"(max-width: 40px) 100vw, 40px\" \/><\/a><a href=\"http:\/\/www.instagram.com\/thewffa\" target=\"_blank\" rel=\"noopener\"><img decoding=\"async\" class=\"alignnone wp-image-4000\" src=\"https:\/\/wffa.fspdev.com\/wp-content\/uploads\/2021\/06\/instagram-green-298x300.png\" alt=\"\" width=\"37\" height=\"37\" srcset=\"https:\/\/worldfreestylefootball.org\/wp-content\/uploads\/2021\/06\/instagram-green-298x300.png 298w, https:\/\/worldfreestylefootball.org\/wp-content\/uploads\/2021\/06\/instagram-green-1016x1024.png 1016w, https:\/\/worldfreestylefootball.org\/wp-content\/uploads\/2021\/06\/instagram-green-150x150.png 150w, https:\/\/worldfreestylefootball.org\/wp-content\/uploads\/2021\/06\/instagram-green-768x774.png 768w, https:\/\/worldfreestylefootball.org\/wp-content\/uploads\/2021\/06\/instagram-green-1524x1536.png 1524w, https:\/\/worldfreestylefootball.org\/wp-content\/uploads\/2021\/06\/instagram-green-50x50.png 50w, https:\/\/worldfreestylefootball.org\/wp-content\/uploads\/2021\/06\/instagram-green-30x30.png 30w, https:\/\/worldfreestylefootball.org\/wp-content\/uploads\/2021\/06\/instagram-green-99x100.png 99w, https:\/\/worldfreestylefootball.org\/wp-content\/uploads\/2021\/06\/instagram-green-149x150.png 149w, https:\/\/worldfreestylefootball.org\/wp-content\/uploads\/2021\/06\/instagram-green-198x200.png 198w, https:\/\/worldfreestylefootball.org\/wp-content\/uploads\/2021\/06\/instagram-green-109x110.png 109w, https:\/\/worldfreestylefootball.org\/wp-content\/uploads\/2021\/06\/instagram-green-360x360.png 360w, https:\/\/worldfreestylefootball.org\/wp-content\/uploads\/2021\/06\/instagram-green-82x83.png 82w, https:\/\/worldfreestylefootball.org\/wp-content\/uploads\/2021\/06\/instagram-green-250x252.png 250w, https:\/\/worldfreestylefootball.org\/wp-content\/uploads\/2021\/06\/instagram-green.png 1997w\" sizes=\"(max-width: 37px) 100vw, 37px\" \/><\/a><a href=\"https:\/\/www.linkedin.com\/company\/world-freestyle-football-association\/\" target=\"_blank\" rel=\"noopener\"><img decoding=\"async\" class=\"alignnone wp-image-4001\" src=\"https:\/\/wffa.fspdev.com\/wp-content\/uploads\/2021\/06\/linkedin-green.png\" alt=\"\" width=\"36\" height=\"35\" srcset=\"https:\/\/worldfreestylefootball.org\/wp-content\/uploads\/2021\/06\/linkedin-green.png 278w, https:\/\/worldfreestylefootball.org\/wp-content\/uploads\/2021\/06\/linkedin-green-150x150.png 150w, https:\/\/worldfreestylefootball.org\/wp-content\/uploads\/2021\/06\/linkedin-green-51x50.png 51w, https:\/\/worldfreestylefootball.org\/wp-content\/uploads\/2021\/06\/linkedin-green-50x50.png 50w, https:\/\/worldfreestylefootball.org\/wp-content\/uploads\/2021\/06\/linkedin-green-30x30.png 30w, https:\/\/worldfreestylefootball.org\/wp-content\/uploads\/2021\/06\/linkedin-green-101x100.png 101w, https:\/\/worldfreestylefootball.org\/wp-content\/uploads\/2021\/06\/linkedin-green-152x150.png 152w, https:\/\/worldfreestylefootball.org\/wp-content\/uploads\/2021\/06\/linkedin-green-203x200.png 203w, https:\/\/worldfreestylefootball.org\/wp-content\/uploads\/2021\/06\/linkedin-green-112x110.png 112w, https:\/\/worldfreestylefootball.org\/wp-content\/uploads\/2021\/06\/linkedin-green-84x83.png 84w, https:\/\/worldfreestylefootball.org\/wp-content\/uploads\/2021\/06\/linkedin-green-250x246.png 250w\" sizes=\"(max-width: 36px) 100vw, 36px\" \/><\/a><a href=\"https:\/\/www.tiktok.com\/@thewffa\" target=\"_blank\" rel=\"noopener\"><img loading=\"lazy\" decoding=\"async\" class=\"alignnone wp-image-4002\" src=\"https:\/\/wffa.fspdev.com\/wp-content\/uploads\/2021\/06\/tiktok-green-292x300.png\" alt=\"\" width=\"35\" height=\"36\" srcset=\"https:\/\/worldfreestylefootball.org\/wp-content\/uploads\/2021\/06\/tiktok-green-292x300.png 292w, https:\/\/worldfreestylefootball.org\/wp-content\/uploads\/2021\/06\/tiktok-green-150x150.png 150w, https:\/\/worldfreestylefootball.org\/wp-content\/uploads\/2021\/06\/tiktok-green-49x50.png 49w, https:\/\/worldfreestylefootball.org\/wp-content\/uploads\/2021\/06\/tiktok-green-50x50.png 50w, https:\/\/worldfreestylefootball.org\/wp-content\/uploads\/2021\/06\/tiktok-green-30x30.png 30w, https:\/\/worldfreestylefootball.org\/wp-content\/uploads\/2021\/06\/tiktok-green-97x100.png 97w, https:\/\/worldfreestylefootball.org\/wp-content\/uploads\/2021\/06\/tiktok-green-146x150.png 146w, https:\/\/worldfreestylefootball.org\/wp-content\/uploads\/2021\/06\/tiktok-green-195x200.png 195w, https:\/\/worldfreestylefootball.org\/wp-content\/uploads\/2021\/06\/tiktok-green-107x110.png 107w, https:\/\/worldfreestylefootball.org\/wp-content\/uploads\/2021\/06\/tiktok-green-360x360.png 360w, https:\/\/worldfreestylefootball.org\/wp-content\/uploads\/2021\/06\/tiktok-green-81x83.png 81w, https:\/\/worldfreestylefootball.org\/wp-content\/uploads\/2021\/06\/tiktok-green-250x257.png 250w, https:\/\/worldfreestylefootball.org\/wp-content\/uploads\/2021\/06\/tiktok-green.png 438w\" sizes=\"(max-width: 35px) 100vw, 35px\" \/><\/a><a href=\"https:\/\/www.twitch.tv\/thewffa\" target=\"_blank\" rel=\"noopener\"><img loading=\"lazy\" decoding=\"async\" class=\"alignnone wp-image-4005\" src=\"https:\/\/wffa.fspdev.com\/wp-content\/uploads\/2021\/06\/twitch-logo-green-300x300.png\" alt=\"\" width=\"35\" height=\"35\" srcset=\"https:\/\/worldfreestylefootball.org\/wp-content\/uploads\/2021\/06\/twitch-logo-green-300x300.png 300w, https:\/\/worldfreestylefootball.org\/wp-content\/uploads\/2021\/06\/twitch-logo-green-150x150.png 150w, https:\/\/worldfreestylefootball.org\/wp-content\/uploads\/2021\/06\/twitch-logo-green-50x50.png 50w, https:\/\/worldfreestylefootball.org\/wp-content\/uploads\/2021\/06\/twitch-logo-green-30x30.png 30w, https:\/\/worldfreestylefootball.org\/wp-content\/uploads\/2021\/06\/twitch-logo-green-100x100.png 100w, https:\/\/worldfreestylefootball.org\/wp-content\/uploads\/2021\/06\/twitch-logo-green-200x200.png 200w, https:\/\/worldfreestylefootball.org\/wp-content\/uploads\/2021\/06\/twitch-logo-green-110x110.png 110w, https:\/\/worldfreestylefootball.org\/wp-content\/uploads\/2021\/06\/twitch-logo-green-360x360.png 360w, https:\/\/worldfreestylefootball.org\/wp-content\/uploads\/2021\/06\/twitch-logo-green-83x83.png 83w, https:\/\/worldfreestylefootball.org\/wp-content\/uploads\/2021\/06\/twitch-logo-green-250x250.png 250w, https:\/\/worldfreestylefootball.org\/wp-content\/uploads\/2021\/06\/twitch-logo-green.png 512w\" sizes=\"(max-width: 35px) 100vw, 35px\" \/><\/a><a href=\"https:\/\/www.youtube.com\/c\/thewffa\" target=\"_blank\" rel=\"noopener\"><img loading=\"lazy\" decoding=\"async\" class=\"alignnone wp-image-4004\" src=\"https:\/\/wffa.fspdev.com\/wp-content\/uploads\/2021\/06\/Youtube-green-centered-300x300.png\" alt=\"\" width=\"36\" height=\"36\" srcset=\"https:\/\/worldfreestylefootball.org\/wp-content\/uploads\/2021\/06\/Youtube-green-centered-300x300.png 300w, https:\/\/worldfreestylefootball.org\/wp-content\/uploads\/2021\/06\/Youtube-green-centered-150x150.png 150w, https:\/\/worldfreestylefootball.org\/wp-content\/uploads\/2021\/06\/Youtube-green-centered-50x50.png 50w, https:\/\/worldfreestylefootball.org\/wp-content\/uploads\/2021\/06\/Youtube-green-centered-30x30.png 30w, https:\/\/worldfreestylefootball.org\/wp-content\/uploads\/2021\/06\/Youtube-green-centered-100x100.png 100w, https:\/\/worldfreestylefootball.org\/wp-content\/uploads\/2021\/06\/Youtube-green-centered-200x200.png 200w, https:\/\/worldfreestylefootball.org\/wp-content\/uploads\/2021\/06\/Youtube-green-centered-110x110.png 110w, https:\/\/worldfreestylefootball.org\/wp-content\/uploads\/2021\/06\/Youtube-green-centered-360x360.png 360w, https:\/\/worldfreestylefootball.org\/wp-content\/uploads\/2021\/06\/Youtube-green-centered-83x83.png 83w, https:\/\/worldfreestylefootball.org\/wp-content\/uploads\/2021\/06\/Youtube-green-centered-250x250.png 250w, https:\/\/worldfreestylefootball.org\/wp-content\/uploads\/2021\/06\/Youtube-green-centered.png 512w\" sizes=\"(max-width: 36px) 100vw, 36px\" \/><\/a><\/p>","protected":false},"excerpt":{"rendered":"<p>The official WFFA Coaching Certificate is designed for coaches within the Freestyle Football community who wish to strengthen their professional profile through official WFFA recognition.\u2026 <a href=\"https:\/\/worldfreestylefootball.org\/es\/wffa-official-freestyle-football-coaching-certificate\/\">Read More &raquo;<\/a><\/p>","protected":false},"author":15,"featured_media":0,"parent":0,"menu_order":0,"comment_status":"closed","ping_status":"closed","template":"","meta":{"_acf_changed":false,"_monsterinsights_skip_tracking":false,"_monsterinsights_sitenote_active":false,"_monsterinsights_sitenote_note":"","_monsterinsights_sitenote_category":0,"footnotes":""},"class_list":["post-10064","page","type-page","status-publish","hentry"],"acf":[],"yoast_head":"<!-- This site is optimized with the Yoast SEO plugin v27.5 - https:\/\/yoast.com\/product\/yoast-seo-wordpress\/ -->\n<title>Coaching Certificate - The World Freestyle Football Association<\/title>\n<meta name=\"description\" content=\"Discover how to become a certificated WFFA Freestyle Football Coach!\" \/>\n<meta name=\"robots\" content=\"index, follow, max-snippet:-1, max-image-preview:large, max-video-preview:-1\" \/>\n<link rel=\"canonical\" href=\"https:\/\/worldfreestylefootball.org\/es\/wffa-official-freestyle-football-coaching-certificate\/\" \/>\n<meta property=\"og:locale\" content=\"es_ES\" \/>\n<meta property=\"og:type\" content=\"article\" \/>\n<meta property=\"og:title\" content=\"WFFA Freestyle Football Coaching Certification\" \/>\n<meta property=\"og:description\" content=\"Discover how to become a certificated WFFA Freestyle Football Coach!\" \/>\n<meta property=\"og:url\" content=\"https:\/\/worldfreestylefootball.org\/es\/wffa-official-freestyle-football-coaching-certificate\/\" \/>\n<meta property=\"og:site_name\" content=\"The World Freestyle Football Association\" \/>\n<meta property=\"article:modified_time\" content=\"2026-02-27T08:39:54+00:00\" \/>\n<meta property=\"og:image\" content=\"https:\/\/worldfreestylefootball.org\/wp-content\/uploads\/2026\/02\/Krzysztof_Mystkowski_0_-0741.jpg\" \/>\n\t<meta property=\"og:image:width\" content=\"1600\" \/>\n\t<meta property=\"og:image:height\" content=\"1067\" \/>\n\t<meta property=\"og:image:type\" content=\"image\/jpeg\" \/>\n<meta name=\"twitter:card\" content=\"summary_large_image\" \/>\n<meta name=\"twitter:title\" content=\"WFFA Freestyle Football Coaching Certification\" \/>\n<meta name=\"twitter:description\" content=\"Discover how to become a certificated WFFA Freestyle Football Coach!\" \/>\n<meta name=\"twitter:image\" content=\"https:\/\/worldfreestylefootball.org\/wp-content\/uploads\/2026\/02\/Krzysztof_Mystkowski_0_-0741.jpg\" \/>\n<meta name=\"twitter:label1\" content=\"Tiempo de lectura\" \/>\n\t<meta name=\"twitter:data1\" content=\"3 minutos\" \/>\n<script type=\"application\/ld+json\" class=\"yoast-schema-graph\">{\"@context\":\"https:\\\/\\\/schema.org\",\"@graph\":[{\"@type\":\"WebPage\",\"@id\":\"https:\\\/\\\/worldfreestylefootball.org\\\/es\\\/wffa-official-freestyle-football-coaching-certificate\\\/\",\"url\":\"https:\\\/\\\/worldfreestylefootball.org\\\/es\\\/wffa-official-freestyle-football-coaching-certificate\\\/\",\"name\":\"Coaching Certificate - The World Freestyle Football Association\",\"isPartOf\":{\"@id\":\"https:\\\/\\\/worldfreestylefootball.org\\\/#website\"},\"primaryImageOfPage\":{\"@id\":\"https:\\\/\\\/worldfreestylefootball.org\\\/es\\\/wffa-official-freestyle-football-coaching-certificate\\\/#primaryimage\"},\"image\":{\"@id\":\"https:\\\/\\\/worldfreestylefootball.org\\\/es\\\/wffa-official-freestyle-football-coaching-certificate\\\/#primaryimage\"},\"thumbnailUrl\":\"https:\\\/\\\/wffa.fspdev.com\\\/wp-content\\\/uploads\\\/2021\\\/06\\\/facebook-green-150x150.png\",\"datePublished\":\"2026-02-23T20:54:27+00:00\",\"dateModified\":\"2026-02-27T08:39:54+00:00\",\"description\":\"Discover how to become a certificated WFFA Freestyle Football Coach!\",\"breadcrumb\":{\"@id\":\"https:\\\/\\\/worldfreestylefootball.org\\\/es\\\/wffa-official-freestyle-football-coaching-certificate\\\/#breadcrumb\"},\"inLanguage\":\"es\",\"potentialAction\":[{\"@type\":\"ReadAction\",\"target\":[\"https:\\\/\\\/worldfreestylefootball.org\\\/es\\\/wffa-official-freestyle-football-coaching-certificate\\\/\"]}]},{\"@type\":\"ImageObject\",\"inLanguage\":\"es\",\"@id\":\"https:\\\/\\\/worldfreestylefootball.org\\\/es\\\/wffa-official-freestyle-football-coaching-certificate\\\/#primaryimage\",\"url\":\"https:\\\/\\\/wffa.fspdev.com\\\/wp-content\\\/uploads\\\/2021\\\/06\\\/facebook-green-150x150.png\",\"contentUrl\":\"https:\\\/\\\/wffa.fspdev.com\\\/wp-content\\\/uploads\\\/2021\\\/06\\\/facebook-green-150x150.png\"},{\"@type\":\"BreadcrumbList\",\"@id\":\"https:\\\/\\\/worldfreestylefootball.org\\\/es\\\/wffa-official-freestyle-football-coaching-certificate\\\/#breadcrumb\",\"itemListElement\":[{\"@type\":\"ListItem\",\"position\":1,\"name\":\"Home\",\"item\":\"https:\\\/\\\/worldfreestylefootball.org\\\/\"},{\"@type\":\"ListItem\",\"position\":2,\"name\":\"Coaching Certificate\"}]},{\"@type\":\"WebSite\",\"@id\":\"https:\\\/\\\/worldfreestylefootball.org\\\/#website\",\"url\":\"https:\\\/\\\/worldfreestylefootball.org\\\/\",\"name\":\"The World Freestyle Football Association\",\"description\":\"The official website of the global governing body for the sport of freestyle football\",\"potentialAction\":[{\"@type\":\"SearchAction\",\"target\":{\"@type\":\"EntryPoint\",\"urlTemplate\":\"https:\\\/\\\/worldfreestylefootball.org\\\/?s={search_term_string}\"},\"query-input\":{\"@type\":\"PropertyValueSpecification\",\"valueRequired\":true,\"valueName\":\"search_term_string\"}}],\"inLanguage\":\"es\"}]}<\/script>\n<!-- \/ Yoast SEO plugin. -->","yoast_head_json":{"title":"Coaching Certificate - The World Freestyle Football Association","description":"Discover how to become a certificated WFFA Freestyle Football Coach!","robots":{"index":"index","follow":"follow","max-snippet":"max-snippet:-1","max-image-preview":"max-image-preview:large","max-video-preview":"max-video-preview:-1"},"canonical":"https:\/\/worldfreestylefootball.org\/es\/wffa-official-freestyle-football-coaching-certificate\/","og_locale":"es_ES","og_type":"article","og_title":"WFFA Freestyle Football Coaching Certification","og_description":"Discover how to become a certificated WFFA Freestyle Football Coach!","og_url":"https:\/\/worldfreestylefootball.org\/es\/wffa-official-freestyle-football-coaching-certificate\/","og_site_name":"The World Freestyle Football Association","article_modified_time":"2026-02-27T08:39:54+00:00","og_image":[{"width":1600,"height":1067,"url":"https:\/\/worldfreestylefootball.org\/wp-content\/uploads\/2026\/02\/Krzysztof_Mystkowski_0_-0741.jpg","type":"image\/jpeg"}],"twitter_card":"summary_large_image","twitter_title":"WFFA Freestyle Football Coaching Certification","twitter_description":"Discover how to become a certificated WFFA Freestyle Football Coach!","twitter_image":"https:\/\/worldfreestylefootball.org\/wp-content\/uploads\/2026\/02\/Krzysztof_Mystkowski_0_-0741.jpg","twitter_misc":{"Tiempo de lectura":"3 minutos"},"schema":{"@context":"https:\/\/schema.org","@graph":[{"@type":"WebPage","@id":"https:\/\/worldfreestylefootball.org\/es\/wffa-official-freestyle-football-coaching-certificate\/","url":"https:\/\/worldfreestylefootball.org\/es\/wffa-official-freestyle-football-coaching-certificate\/","name":"Coaching Certificate - The World Freestyle Football Association","isPartOf":{"@id":"https:\/\/worldfreestylefootball.org\/#website"},"primaryImageOfPage":{"@id":"https:\/\/worldfreestylefootball.org\/es\/wffa-official-freestyle-football-coaching-certificate\/#primaryimage"},"image":{"@id":"https:\/\/worldfreestylefootball.org\/es\/wffa-official-freestyle-football-coaching-certificate\/#primaryimage"},"thumbnailUrl":"https:\/\/wffa.fspdev.com\/wp-content\/uploads\/2021\/06\/facebook-green-150x150.png","datePublished":"2026-02-23T20:54:27+00:00","dateModified":"2026-02-27T08:39:54+00:00","description":"Discover how to become a certificated WFFA Freestyle Football Coach!","breadcrumb":{"@id":"https:\/\/worldfreestylefootball.org\/es\/wffa-official-freestyle-football-coaching-certificate\/#breadcrumb"},"inLanguage":"es","potentialAction":[{"@type":"ReadAction","target":["https:\/\/worldfreestylefootball.org\/es\/wffa-official-freestyle-football-coaching-certificate\/"]}]},{"@type":"ImageObject","inLanguage":"es","@id":"https:\/\/worldfreestylefootball.org\/es\/wffa-official-freestyle-football-coaching-certificate\/#primaryimage","url":"https:\/\/wffa.fspdev.com\/wp-content\/uploads\/2021\/06\/facebook-green-150x150.png","contentUrl":"https:\/\/wffa.fspdev.com\/wp-content\/uploads\/2021\/06\/facebook-green-150x150.png"},{"@type":"BreadcrumbList","@id":"https:\/\/worldfreestylefootball.org\/es\/wffa-official-freestyle-football-coaching-certificate\/#breadcrumb","itemListElement":[{"@type":"ListItem","position":1,"name":"Home","item":"https:\/\/worldfreestylefootball.org\/"},{"@type":"ListItem","position":2,"name":"Coaching Certificate"}]},{"@type":"WebSite","@id":"https:\/\/worldfreestylefootball.org\/#website","url":"https:\/\/worldfreestylefootball.org\/","name":"The World Freestyle Football Association","description":"The official website of the global governing body for the sport of freestyle football","potentialAction":[{"@type":"SearchAction","target":{"@type":"EntryPoint","urlTemplate":"https:\/\/worldfreestylefootball.org\/?s={search_term_string}"},"query-input":{"@type":"PropertyValueSpecification","valueRequired":true,"valueName":"search_term_string"}}],"inLanguage":"es"}]}},"_links":{"self":[{"href":"https:\/\/worldfreestylefootball.org\/es\/wp-json\/wp\/v2\/pages\/10064","targetHints":{"allow":["GET"]}}],"collection":[{"href":"https:\/\/worldfreestylefootball.org\/es\/wp-json\/wp\/v2\/pages"}],"about":[{"href":"https:\/\/worldfreestylefootball.org\/es\/wp-json\/wp\/v2\/types\/page"}],"author":[{"embeddable":true,"href":"https:\/\/worldfreestylefootball.org\/es\/wp-json\/wp\/v2\/users\/15"}],"replies":[{"embeddable":true,"href":"https:\/\/worldfreestylefootball.org\/es\/wp-json\/wp\/v2\/comments?post=10064"}],"version-history":[{"count":11,"href":"https:\/\/worldfreestylefootball.org\/es\/wp-json\/wp\/v2\/pages\/10064\/revisions"}],"predecessor-version":[{"id":10077,"href":"https:\/\/worldfreestylefootball.org\/es\/wp-json\/wp\/v2\/pages\/10064\/revisions\/10077"}],"wp:attachment":[{"href":"https:\/\/worldfreestylefootball.org\/es\/wp-json\/wp\/v2\/media?parent=10064"}],"curies":[{"name":"wp","href":"https:\/\/api.w.org\/{rel}","templated":true}]}}