{"id":4043,"date":"2021-06-25T04:50:51","date_gmt":"2021-06-24T18:50:51","guid":{"rendered":"http:\/\/thewffa.org\/?page_id=4043"},"modified":"2025-10-27T11:39:23","modified_gmt":"2025-10-27T10:39:23","slug":"nextgen-world-championship","status":"publish","type":"page","link":"https:\/\/worldfreestylefootball.org\/es\/nextgen-world-championship\/","title":{"rendered":"Campeonato Mundial NextGen"},"content":{"rendered":"<p><img fetchpriority=\"high\" decoding=\"async\" class=\"alignnone wp-image-8798 size-full\" src=\"https:\/\/worldfreestylefootball.org\/wp-content\/uploads\/2024\/10\/nextgen-cover-for-website.jpg\" alt=\"\" width=\"2500\" height=\"1406\" srcset=\"https:\/\/worldfreestylefootball.org\/wp-content\/uploads\/2024\/10\/nextgen-cover-for-website.jpg 2500w, https:\/\/worldfreestylefootball.org\/wp-content\/uploads\/2024\/10\/nextgen-cover-for-website-300x169.jpg 300w, https:\/\/worldfreestylefootball.org\/wp-content\/uploads\/2024\/10\/nextgen-cover-for-website-1600x900.jpg 1600w, https:\/\/worldfreestylefootball.org\/wp-content\/uploads\/2024\/10\/nextgen-cover-for-website-768x432.jpg 768w, https:\/\/worldfreestylefootball.org\/wp-content\/uploads\/2024\/10\/nextgen-cover-for-website-1536x864.jpg 1536w, https:\/\/worldfreestylefootball.org\/wp-content\/uploads\/2024\/10\/nextgen-cover-for-website-2048x1152.jpg 2048w, https:\/\/worldfreestylefootball.org\/wp-content\/uploads\/2024\/10\/nextgen-cover-for-website-18x10.jpg 18w, https:\/\/worldfreestylefootball.org\/wp-content\/uploads\/2024\/10\/nextgen-cover-for-website-89x50.jpg 89w, https:\/\/worldfreestylefootball.org\/wp-content\/uploads\/2024\/10\/nextgen-cover-for-website-50x28.jpg 50w, https:\/\/worldfreestylefootball.org\/wp-content\/uploads\/2024\/10\/nextgen-cover-for-website-30x17.jpg 30w, https:\/\/worldfreestylefootball.org\/wp-content\/uploads\/2024\/10\/nextgen-cover-for-website-178x100.jpg 178w, https:\/\/worldfreestylefootball.org\/wp-content\/uploads\/2024\/10\/nextgen-cover-for-website-250x141.jpg 250w, https:\/\/worldfreestylefootball.org\/wp-content\/uploads\/2024\/10\/nextgen-cover-for-website-196x110.jpg 196w, https:\/\/worldfreestylefootball.org\/wp-content\/uploads\/2024\/10\/nextgen-cover-for-website-255x143.jpg 255w, https:\/\/worldfreestylefootball.org\/wp-content\/uploads\/2024\/10\/nextgen-cover-for-website-148x83.jpg 148w\" sizes=\"(max-width: 2500px) 100vw, 2500px\" \/><\/p>\n<p class=\"p1\">Desde 2021, la <strong>World Freestyle Football Association<\/strong> organiza un torneo anual especialmente creado para los miembros m\u00e1s j\u00f3venes de la comunidad. Inicialmente conocido como Campeonato Mundial J\u00fanior, esta competici\u00f3n fue redise\u00f1ada completamente en 2024 para rendir tributo a la comunidad neerlandesa, creadora del concepto original... \u00a1y es conocida ahora como <strong>Campeonato Mundial NextGen de la WFFA<\/strong>!<\/p>\n<p class=\"p1\">Esta competici\u00f3n global ofrece a los y las freestylers de menos de 16 a\u00f1os de edad la oportunidad de exhibir toda su calidad y demostrar que merecen un lugar en la \u00e9lite competitiva del deporte. El torneo tiene lugar en un formato completamente online a trav\u00e9s de la <strong>completamente online<\/strong>\u00a0y sus participantes son evaluados por un equipo de jueces de primer\u00edsimo nivel de todos los continentes, incluyendo a varios Campeones del Mundo. Los freestylers de ambos g\u00e9neros son bienvenidos: la competici\u00f3n ofrece categor\u00edas separadas para chicos y chicas.<\/p>\n<p class=\"p1\">Para recuperar los resultados de ediciones pasadas del Campeonato Mundial J\u00fanior y del Campeonato Mundial NextGen, visita la lista de los y las <a href=\"https:\/\/worldfreestylefootball.org\/es\/official-champions-timeline-history-past\/\"><strong>Campeones Oficiales<\/strong><\/a>.<\/p>\n<p class=\"p1\">Para m\u00e1s informaci\u00f3n sobre <strong>la edici\u00f3n de 2025<\/strong> del torneo, por favor visita la <a href=\"https:\/\/worldfreestylefootball.org\/es\/event\/nextgen2025\/\"><strong>P\u00e1gina del Evento<\/strong><\/a> de nuestra web.<\/p>\n<hr \/>\n<p><span style=\"font-size: 10pt;\">\u00a1Para m\u00e1s informaci\u00f3n sobre las actividades de la <strong>WFFA<\/strong>, sigue sus canales oficiales!<\/span><\/p>\n<p><a href=\"https:\/\/www.facebook.com\/thewffa\" target=\"_blank\" rel=\"noopener\"><img decoding=\"async\" class=\"alignnone wp-image-3999\" src=\"https:\/\/wffa.fspdev.com\/wp-content\/uploads\/2021\/06\/facebook-green-150x150.png\" alt=\"\" width=\"40\" height=\"40\" srcset=\"https:\/\/worldfreestylefootball.org\/wp-content\/uploads\/2021\/06\/facebook-green-150x150.png 150w, https:\/\/worldfreestylefootball.org\/wp-content\/uploads\/2021\/06\/facebook-green-300x300.png 300w, https:\/\/worldfreestylefootball.org\/wp-content\/uploads\/2021\/06\/facebook-green-50x50.png 50w, https:\/\/worldfreestylefootball.org\/wp-content\/uploads\/2021\/06\/facebook-green-30x30.png 30w, https:\/\/worldfreestylefootball.org\/wp-content\/uploads\/2021\/06\/facebook-green-100x100.png 100w, https:\/\/worldfreestylefootball.org\/wp-content\/uploads\/2021\/06\/facebook-green-200x200.png 200w, https:\/\/worldfreestylefootball.org\/wp-content\/uploads\/2021\/06\/facebook-green-110x110.png 110w, https:\/\/worldfreestylefootball.org\/wp-content\/uploads\/2021\/06\/facebook-green-360x360.png 360w, https:\/\/worldfreestylefootball.org\/wp-content\/uploads\/2021\/06\/facebook-green-83x83.png 83w, https:\/\/worldfreestylefootball.org\/wp-content\/uploads\/2021\/06\/facebook-green-250x250.png 250w, https:\/\/worldfreestylefootball.org\/wp-content\/uploads\/2021\/06\/facebook-green.png 512w\" sizes=\"(max-width: 40px) 100vw, 40px\" \/><\/a><a href=\"http:\/\/www.instagram.com\/thewffa\" target=\"_blank\" rel=\"noopener\"><img decoding=\"async\" class=\"alignnone wp-image-4000\" src=\"https:\/\/wffa.fspdev.com\/wp-content\/uploads\/2021\/06\/instagram-green-298x300.png\" alt=\"\" width=\"37\" height=\"37\" srcset=\"https:\/\/worldfreestylefootball.org\/wp-content\/uploads\/2021\/06\/instagram-green-298x300.png 298w, https:\/\/worldfreestylefootball.org\/wp-content\/uploads\/2021\/06\/instagram-green-1016x1024.png 1016w, https:\/\/worldfreestylefootball.org\/wp-content\/uploads\/2021\/06\/instagram-green-150x150.png 150w, https:\/\/worldfreestylefootball.org\/wp-content\/uploads\/2021\/06\/instagram-green-768x774.png 768w, https:\/\/worldfreestylefootball.org\/wp-content\/uploads\/2021\/06\/instagram-green-1524x1536.png 1524w, https:\/\/worldfreestylefootball.org\/wp-content\/uploads\/2021\/06\/instagram-green-50x50.png 50w, https:\/\/worldfreestylefootball.org\/wp-content\/uploads\/2021\/06\/instagram-green-30x30.png 30w, https:\/\/worldfreestylefootball.org\/wp-content\/uploads\/2021\/06\/instagram-green-99x100.png 99w, https:\/\/worldfreestylefootball.org\/wp-content\/uploads\/2021\/06\/instagram-green-149x150.png 149w, https:\/\/worldfreestylefootball.org\/wp-content\/uploads\/2021\/06\/instagram-green-198x200.png 198w, https:\/\/worldfreestylefootball.org\/wp-content\/uploads\/2021\/06\/instagram-green-109x110.png 109w, https:\/\/worldfreestylefootball.org\/wp-content\/uploads\/2021\/06\/instagram-green-360x360.png 360w, https:\/\/worldfreestylefootball.org\/wp-content\/uploads\/2021\/06\/instagram-green-82x83.png 82w, https:\/\/worldfreestylefootball.org\/wp-content\/uploads\/2021\/06\/instagram-green-250x252.png 250w, https:\/\/worldfreestylefootball.org\/wp-content\/uploads\/2021\/06\/instagram-green.png 1997w\" sizes=\"(max-width: 37px) 100vw, 37px\" \/><\/a><a href=\"https:\/\/www.linkedin.com\/company\/world-freestyle-football-association\/\" target=\"_blank\" rel=\"noopener\"><img loading=\"lazy\" decoding=\"async\" class=\"alignnone wp-image-4001\" src=\"https:\/\/wffa.fspdev.com\/wp-content\/uploads\/2021\/06\/linkedin-green.png\" alt=\"\" width=\"36\" height=\"35\" srcset=\"https:\/\/worldfreestylefootball.org\/wp-content\/uploads\/2021\/06\/linkedin-green.png 278w, https:\/\/worldfreestylefootball.org\/wp-content\/uploads\/2021\/06\/linkedin-green-150x150.png 150w, https:\/\/worldfreestylefootball.org\/wp-content\/uploads\/2021\/06\/linkedin-green-51x50.png 51w, https:\/\/worldfreestylefootball.org\/wp-content\/uploads\/2021\/06\/linkedin-green-50x50.png 50w, https:\/\/worldfreestylefootball.org\/wp-content\/uploads\/2021\/06\/linkedin-green-30x30.png 30w, https:\/\/worldfreestylefootball.org\/wp-content\/uploads\/2021\/06\/linkedin-green-101x100.png 101w, https:\/\/worldfreestylefootball.org\/wp-content\/uploads\/2021\/06\/linkedin-green-152x150.png 152w, https:\/\/worldfreestylefootball.org\/wp-content\/uploads\/2021\/06\/linkedin-green-203x200.png 203w, https:\/\/worldfreestylefootball.org\/wp-content\/uploads\/2021\/06\/linkedin-green-112x110.png 112w, https:\/\/worldfreestylefootball.org\/wp-content\/uploads\/2021\/06\/linkedin-green-84x83.png 84w, https:\/\/worldfreestylefootball.org\/wp-content\/uploads\/2021\/06\/linkedin-green-250x246.png 250w\" sizes=\"(max-width: 36px) 100vw, 36px\" \/><\/a><a href=\"https:\/\/www.tiktok.com\/@thewffa\" target=\"_blank\" rel=\"noopener\"><img loading=\"lazy\" decoding=\"async\" class=\"alignnone wp-image-4002\" src=\"https:\/\/wffa.fspdev.com\/wp-content\/uploads\/2021\/06\/tiktok-green-292x300.png\" alt=\"\" width=\"35\" height=\"36\" srcset=\"https:\/\/worldfreestylefootball.org\/wp-content\/uploads\/2021\/06\/tiktok-green-292x300.png 292w, https:\/\/worldfreestylefootball.org\/wp-content\/uploads\/2021\/06\/tiktok-green-150x150.png 150w, https:\/\/worldfreestylefootball.org\/wp-content\/uploads\/2021\/06\/tiktok-green-49x50.png 49w, https:\/\/worldfreestylefootball.org\/wp-content\/uploads\/2021\/06\/tiktok-green-50x50.png 50w, https:\/\/worldfreestylefootball.org\/wp-content\/uploads\/2021\/06\/tiktok-green-30x30.png 30w, https:\/\/worldfreestylefootball.org\/wp-content\/uploads\/2021\/06\/tiktok-green-97x100.png 97w, https:\/\/worldfreestylefootball.org\/wp-content\/uploads\/2021\/06\/tiktok-green-146x150.png 146w, https:\/\/worldfreestylefootball.org\/wp-content\/uploads\/2021\/06\/tiktok-green-195x200.png 195w, https:\/\/worldfreestylefootball.org\/wp-content\/uploads\/2021\/06\/tiktok-green-107x110.png 107w, https:\/\/worldfreestylefootball.org\/wp-content\/uploads\/2021\/06\/tiktok-green-360x360.png 360w, https:\/\/worldfreestylefootball.org\/wp-content\/uploads\/2021\/06\/tiktok-green-81x83.png 81w, https:\/\/worldfreestylefootball.org\/wp-content\/uploads\/2021\/06\/tiktok-green-250x257.png 250w, https:\/\/worldfreestylefootball.org\/wp-content\/uploads\/2021\/06\/tiktok-green.png 438w\" sizes=\"(max-width: 35px) 100vw, 35px\" \/><\/a><a href=\"https:\/\/www.twitch.tv\/thewffa\" target=\"_blank\" rel=\"noopener\"><img loading=\"lazy\" decoding=\"async\" class=\"alignnone wp-image-4005\" src=\"https:\/\/wffa.fspdev.com\/wp-content\/uploads\/2021\/06\/twitch-logo-green-300x300.png\" alt=\"\" width=\"35\" height=\"35\" srcset=\"https:\/\/worldfreestylefootball.org\/wp-content\/uploads\/2021\/06\/twitch-logo-green-300x300.png 300w, https:\/\/worldfreestylefootball.org\/wp-content\/uploads\/2021\/06\/twitch-logo-green-150x150.png 150w, https:\/\/worldfreestylefootball.org\/wp-content\/uploads\/2021\/06\/twitch-logo-green-50x50.png 50w, https:\/\/worldfreestylefootball.org\/wp-content\/uploads\/2021\/06\/twitch-logo-green-30x30.png 30w, https:\/\/worldfreestylefootball.org\/wp-content\/uploads\/2021\/06\/twitch-logo-green-100x100.png 100w, https:\/\/worldfreestylefootball.org\/wp-content\/uploads\/2021\/06\/twitch-logo-green-200x200.png 200w, https:\/\/worldfreestylefootball.org\/wp-content\/uploads\/2021\/06\/twitch-logo-green-110x110.png 110w, https:\/\/worldfreestylefootball.org\/wp-content\/uploads\/2021\/06\/twitch-logo-green-360x360.png 360w, https:\/\/worldfreestylefootball.org\/wp-content\/uploads\/2021\/06\/twitch-logo-green-83x83.png 83w, https:\/\/worldfreestylefootball.org\/wp-content\/uploads\/2021\/06\/twitch-logo-green-250x250.png 250w, https:\/\/worldfreestylefootball.org\/wp-content\/uploads\/2021\/06\/twitch-logo-green.png 512w\" sizes=\"(max-width: 35px) 100vw, 35px\" \/><\/a><a href=\"https:\/\/www.youtube.com\/c\/thewffa\" target=\"_blank\" rel=\"noopener\"><img loading=\"lazy\" decoding=\"async\" class=\"alignnone wp-image-4004\" src=\"https:\/\/wffa.fspdev.com\/wp-content\/uploads\/2021\/06\/Youtube-green-centered-300x300.png\" alt=\"\" width=\"36\" height=\"36\" srcset=\"https:\/\/worldfreestylefootball.org\/wp-content\/uploads\/2021\/06\/Youtube-green-centered-300x300.png 300w, https:\/\/worldfreestylefootball.org\/wp-content\/uploads\/2021\/06\/Youtube-green-centered-150x150.png 150w, https:\/\/worldfreestylefootball.org\/wp-content\/uploads\/2021\/06\/Youtube-green-centered-50x50.png 50w, https:\/\/worldfreestylefootball.org\/wp-content\/uploads\/2021\/06\/Youtube-green-centered-30x30.png 30w, https:\/\/worldfreestylefootball.org\/wp-content\/uploads\/2021\/06\/Youtube-green-centered-100x100.png 100w, https:\/\/worldfreestylefootball.org\/wp-content\/uploads\/2021\/06\/Youtube-green-centered-200x200.png 200w, https:\/\/worldfreestylefootball.org\/wp-content\/uploads\/2021\/06\/Youtube-green-centered-110x110.png 110w, https:\/\/worldfreestylefootball.org\/wp-content\/uploads\/2021\/06\/Youtube-green-centered-360x360.png 360w, https:\/\/worldfreestylefootball.org\/wp-content\/uploads\/2021\/06\/Youtube-green-centered-83x83.png 83w, https:\/\/worldfreestylefootball.org\/wp-content\/uploads\/2021\/06\/Youtube-green-centered-250x250.png 250w, https:\/\/worldfreestylefootball.org\/wp-content\/uploads\/2021\/06\/Youtube-green-centered.png 512w\" sizes=\"(max-width: 36px) 100vw, 36px\" \/><\/a><\/p>","protected":false},"excerpt":{"rendered":"<p>Since 2021, the World Freestyle Football Association has organised a yearly tournament especially tailored for the youngest members of its global community. Initially called the\u2026 <a href=\"https:\/\/worldfreestylefootball.org\/es\/nextgen-world-championship\/\">Read More &raquo;<\/a><\/p>","protected":false},"author":10,"featured_media":0,"parent":0,"menu_order":0,"comment_status":"closed","ping_status":"closed","template":"","meta":{"_acf_changed":false,"_monsterinsights_skip_tracking":false,"_monsterinsights_sitenote_active":false,"_monsterinsights_sitenote_note":"","_monsterinsights_sitenote_category":0,"footnotes":""},"class_list":["post-4043","page","type-page","status-publish","hentry"],"acf":[],"yoast_head":"<!-- This site is optimized with the Yoast SEO plugin v27.5 - https:\/\/yoast.com\/product\/yoast-seo-wordpress\/ -->\n<title>NextGen World Championship - The World Freestyle Football Association<\/title>\n<meta name=\"description\" content=\"The WFFA offers a very special platform for male and female freestylers under the age of 16 to shine: the World Youth Freestyle Football Championship!\" \/>\n<meta name=\"robots\" content=\"index, follow, max-snippet:-1, max-image-preview:large, max-video-preview:-1\" \/>\n<link rel=\"canonical\" href=\"https:\/\/worldfreestylefootball.org\/es\/nextgen-world-championship\/\" \/>\n<meta property=\"og:locale\" content=\"es_ES\" \/>\n<meta property=\"og:type\" content=\"article\" \/>\n<meta property=\"og:title\" content=\"World Youth Freestyle Football Championship\" \/>\n<meta property=\"og:description\" content=\"The WFFA offers a very special platform for male and female freestylers under the age of 16 to shine: the World Youth Freestyle Football Championship!\" \/>\n<meta property=\"og:url\" content=\"https:\/\/worldfreestylefootball.org\/es\/nextgen-world-championship\/\" \/>\n<meta property=\"og:site_name\" content=\"The World Freestyle Football Association\" \/>\n<meta property=\"article:modified_time\" content=\"2025-10-27T10:39:23+00:00\" \/>\n<meta property=\"og:image\" content=\"https:\/\/worldfreestylefootball.org\/wp-content\/uploads\/2021\/08\/WFFA-KV-2021.07.29-World-Youth-Championship-thumbnail-1000x500-1.jpeg\" \/>\n\t<meta property=\"og:image:width\" content=\"1136\" \/>\n\t<meta property=\"og:image:height\" content=\"640\" \/>\n\t<meta property=\"og:image:type\" content=\"image\/jpeg\" \/>\n<meta name=\"twitter:card\" content=\"summary_large_image\" \/>\n<meta name=\"twitter:title\" content=\"World Youth Freestyle Football Championship\" \/>\n<meta name=\"twitter:description\" content=\"The WFFA offers a very special platform for male and female freestylers under the age of 16 to shine: the World Youth Freestyle Football Championship!\" \/>\n<meta name=\"twitter:image\" content=\"https:\/\/worldfreestylefootball.org\/wp-content\/uploads\/2021\/08\/WFFA-KV-2021.07.29-World-Youth-Championship-thumbnail-1000x500-1.jpeg\" \/>\n<meta name=\"twitter:label1\" content=\"Tiempo de lectura\" \/>\n\t<meta name=\"twitter:data1\" content=\"3 minutos\" \/>\n<script type=\"application\/ld+json\" class=\"yoast-schema-graph\">{\"@context\":\"https:\\\/\\\/schema.org\",\"@graph\":[{\"@type\":\"WebPage\",\"@id\":\"https:\\\/\\\/worldfreestylefootball.org\\\/nextgen-world-championship\\\/\",\"url\":\"https:\\\/\\\/worldfreestylefootball.org\\\/nextgen-world-championship\\\/\",\"name\":\"NextGen World Championship - The World Freestyle Football Association\",\"isPartOf\":{\"@id\":\"https:\\\/\\\/worldfreestylefootball.org\\\/#website\"},\"primaryImageOfPage\":{\"@id\":\"https:\\\/\\\/worldfreestylefootball.org\\\/nextgen-world-championship\\\/#primaryimage\"},\"image\":{\"@id\":\"https:\\\/\\\/worldfreestylefootball.org\\\/nextgen-world-championship\\\/#primaryimage\"},\"thumbnailUrl\":\"https:\\\/\\\/worldfreestylefootball.org\\\/wp-content\\\/uploads\\\/2024\\\/10\\\/nextgen-cover-for-website.jpg\",\"datePublished\":\"2021-06-24T18:50:51+00:00\",\"dateModified\":\"2025-10-27T10:39:23+00:00\",\"description\":\"The WFFA offers a very special platform for male and female freestylers under the age of 16 to shine: the World Youth Freestyle Football Championship!\",\"breadcrumb\":{\"@id\":\"https:\\\/\\\/worldfreestylefootball.org\\\/nextgen-world-championship\\\/#breadcrumb\"},\"inLanguage\":\"es\",\"potentialAction\":[{\"@type\":\"ReadAction\",\"target\":[\"https:\\\/\\\/worldfreestylefootball.org\\\/nextgen-world-championship\\\/\"]}]},{\"@type\":\"ImageObject\",\"inLanguage\":\"es\",\"@id\":\"https:\\\/\\\/worldfreestylefootball.org\\\/nextgen-world-championship\\\/#primaryimage\",\"url\":\"https:\\\/\\\/worldfreestylefootball.org\\\/wp-content\\\/uploads\\\/2024\\\/10\\\/nextgen-cover-for-website.jpg\",\"contentUrl\":\"https:\\\/\\\/worldfreestylefootball.org\\\/wp-content\\\/uploads\\\/2024\\\/10\\\/nextgen-cover-for-website.jpg\"},{\"@type\":\"BreadcrumbList\",\"@id\":\"https:\\\/\\\/worldfreestylefootball.org\\\/nextgen-world-championship\\\/#breadcrumb\",\"itemListElement\":[{\"@type\":\"ListItem\",\"position\":1,\"name\":\"Home\",\"item\":\"https:\\\/\\\/worldfreestylefootball.org\\\/\"},{\"@type\":\"ListItem\",\"position\":2,\"name\":\"Youth Championship\"}]},{\"@type\":\"WebSite\",\"@id\":\"https:\\\/\\\/worldfreestylefootball.org\\\/#website\",\"url\":\"https:\\\/\\\/worldfreestylefootball.org\\\/\",\"name\":\"The World Freestyle Football Association\",\"description\":\"The official website of the global governing body for the sport of freestyle football\",\"potentialAction\":[{\"@type\":\"SearchAction\",\"target\":{\"@type\":\"EntryPoint\",\"urlTemplate\":\"https:\\\/\\\/worldfreestylefootball.org\\\/?s={search_term_string}\"},\"query-input\":{\"@type\":\"PropertyValueSpecification\",\"valueRequired\":true,\"valueName\":\"search_term_string\"}}],\"inLanguage\":\"es\"}]}<\/script>\n<!-- \/ Yoast SEO plugin. -->","yoast_head_json":{"title":"NextGen World Championship - The World Freestyle Football Association","description":"The WFFA offers a very special platform for male and female freestylers under the age of 16 to shine: the World Youth Freestyle Football Championship!","robots":{"index":"index","follow":"follow","max-snippet":"max-snippet:-1","max-image-preview":"max-image-preview:large","max-video-preview":"max-video-preview:-1"},"canonical":"https:\/\/worldfreestylefootball.org\/es\/nextgen-world-championship\/","og_locale":"es_ES","og_type":"article","og_title":"World Youth Freestyle Football Championship","og_description":"The WFFA offers a very special platform for male and female freestylers under the age of 16 to shine: the World Youth Freestyle Football Championship!","og_url":"https:\/\/worldfreestylefootball.org\/es\/nextgen-world-championship\/","og_site_name":"The World Freestyle Football Association","article_modified_time":"2025-10-27T10:39:23+00:00","og_image":[{"width":1136,"height":640,"url":"https:\/\/worldfreestylefootball.org\/wp-content\/uploads\/2021\/08\/WFFA-KV-2021.07.29-World-Youth-Championship-thumbnail-1000x500-1.jpeg","type":"image\/jpeg"}],"twitter_card":"summary_large_image","twitter_title":"World Youth Freestyle Football Championship","twitter_description":"The WFFA offers a very special platform for male and female freestylers under the age of 16 to shine: the World Youth Freestyle Football Championship!","twitter_image":"https:\/\/worldfreestylefootball.org\/wp-content\/uploads\/2021\/08\/WFFA-KV-2021.07.29-World-Youth-Championship-thumbnail-1000x500-1.jpeg","twitter_misc":{"Tiempo de lectura":"3 minutos"},"schema":{"@context":"https:\/\/schema.org","@graph":[{"@type":"WebPage","@id":"https:\/\/worldfreestylefootball.org\/nextgen-world-championship\/","url":"https:\/\/worldfreestylefootball.org\/nextgen-world-championship\/","name":"NextGen World Championship - The World Freestyle Football Association","isPartOf":{"@id":"https:\/\/worldfreestylefootball.org\/#website"},"primaryImageOfPage":{"@id":"https:\/\/worldfreestylefootball.org\/nextgen-world-championship\/#primaryimage"},"image":{"@id":"https:\/\/worldfreestylefootball.org\/nextgen-world-championship\/#primaryimage"},"thumbnailUrl":"https:\/\/worldfreestylefootball.org\/wp-content\/uploads\/2024\/10\/nextgen-cover-for-website.jpg","datePublished":"2021-06-24T18:50:51+00:00","dateModified":"2025-10-27T10:39:23+00:00","description":"The WFFA offers a very special platform for male and female freestylers under the age of 16 to shine: the World Youth Freestyle Football Championship!","breadcrumb":{"@id":"https:\/\/worldfreestylefootball.org\/nextgen-world-championship\/#breadcrumb"},"inLanguage":"es","potentialAction":[{"@type":"ReadAction","target":["https:\/\/worldfreestylefootball.org\/nextgen-world-championship\/"]}]},{"@type":"ImageObject","inLanguage":"es","@id":"https:\/\/worldfreestylefootball.org\/nextgen-world-championship\/#primaryimage","url":"https:\/\/worldfreestylefootball.org\/wp-content\/uploads\/2024\/10\/nextgen-cover-for-website.jpg","contentUrl":"https:\/\/worldfreestylefootball.org\/wp-content\/uploads\/2024\/10\/nextgen-cover-for-website.jpg"},{"@type":"BreadcrumbList","@id":"https:\/\/worldfreestylefootball.org\/nextgen-world-championship\/#breadcrumb","itemListElement":[{"@type":"ListItem","position":1,"name":"Home","item":"https:\/\/worldfreestylefootball.org\/"},{"@type":"ListItem","position":2,"name":"Youth Championship"}]},{"@type":"WebSite","@id":"https:\/\/worldfreestylefootball.org\/#website","url":"https:\/\/worldfreestylefootball.org\/","name":"The World Freestyle Football Association","description":"The official website of the global governing body for the sport of freestyle football","potentialAction":[{"@type":"SearchAction","target":{"@type":"EntryPoint","urlTemplate":"https:\/\/worldfreestylefootball.org\/?s={search_term_string}"},"query-input":{"@type":"PropertyValueSpecification","valueRequired":true,"valueName":"search_term_string"}}],"inLanguage":"es"}]}},"_links":{"self":[{"href":"https:\/\/worldfreestylefootball.org\/es\/wp-json\/wp\/v2\/pages\/4043","targetHints":{"allow":["GET"]}}],"collection":[{"href":"https:\/\/worldfreestylefootball.org\/es\/wp-json\/wp\/v2\/pages"}],"about":[{"href":"https:\/\/worldfreestylefootball.org\/es\/wp-json\/wp\/v2\/types\/page"}],"author":[{"embeddable":true,"href":"https:\/\/worldfreestylefootball.org\/es\/wp-json\/wp\/v2\/users\/10"}],"replies":[{"embeddable":true,"href":"https:\/\/worldfreestylefootball.org\/es\/wp-json\/wp\/v2\/comments?post=4043"}],"version-history":[{"count":32,"href":"https:\/\/worldfreestylefootball.org\/es\/wp-json\/wp\/v2\/pages\/4043\/revisions"}],"predecessor-version":[{"id":9844,"href":"https:\/\/worldfreestylefootball.org\/es\/wp-json\/wp\/v2\/pages\/4043\/revisions\/9844"}],"wp:attachment":[{"href":"https:\/\/worldfreestylefootball.org\/es\/wp-json\/wp\/v2\/media?parent=4043"}],"curies":[{"name":"wp","href":"https:\/\/api.w.org\/{rel}","templated":true}]}}