{"id":6260,"date":"2022-11-22T13:01:56","date_gmt":"2022-11-22T12:01:56","guid":{"rendered":"https:\/\/thewffa.org\/?page_id=6260"},"modified":"2025-08-08T17:16:12","modified_gmt":"2025-08-08T15:16:12","slug":"podcasts","status":"publish","type":"page","link":"https:\/\/worldfreestylefootball.org\/es\/podcasts\/","title":{"rendered":"Podcasts"},"content":{"rendered":"<p>En colaboraci\u00f3n con la empresa brit\u00e1nica de producci\u00f3n audiovisual <a href=\"https:\/\/voiceworks.ai\/\" target=\"_blank\" rel=\"noopener\"><strong>VoiceWorks<\/strong><\/a>, la WFFA ha lanzado un podcast \u00fanico, presentado por la leyenda del F\u00fatbol Freestyle <strong>Dani\u00ebl Rooseboom<\/strong> y con los personajes m\u00e1s relevantes de la escena como invitados: \u00a1la <strong>serie #AllYouNeedIsABall!<\/strong>!<\/p>\n<p>Puedes encontrar todos los cap\u00edtulos de la serie en la tabla a continuaci\u00f3n:<\/p>\n\n<table id=\"tablepress-Podcast\" class=\"tablepress tablepress-id-Podcast\">\n<thead>\n<tr class=\"row-1\">\n\t<th class=\"column-1\">#<\/th><th class=\"column-2\">Invitado\/a<\/th><th class=\"column-3\">T\u00edtulo<\/th>\n<\/tr>\n<\/thead>\n<tbody class=\"row-striping row-hover\">\n<tr class=\"row-2\">\n\t<td class=\"column-1\">1<\/td><td class=\"column-2\">\ud83c\udde8\ud83c\uddff  <strong><a href=\"https:\/\/pod.fo\/e\/139eed\" rel=\"noopener\" target=\"_blank\">Lucaso \u0160koda<\/a><\/strong><\/td><td class=\"column-3\">El 'Big Boss' del F\u00fatbol Freestyle desvela la ubicaci\u00f3n de Super Ball 2023<\/td>\n<\/tr>\n<tr class=\"row-3\">\n\t<td class=\"column-1\">2<\/td><td class=\"column-2\">\ud83c\uddfa\ud83c\uddf8  <strong><a href=\"https:\/\/pod.fo\/e\/13b921\" rel=\"noopener\" target=\"_blank\">Nick Seyda<\/a><\/strong><\/td><td class=\"column-3\">\"Casi muero\": una estrella naciente del freestyle revela una historia personal incre\u00edble<\/td>\n<\/tr>\n<tr class=\"row-4\">\n\t<td class=\"column-1\">3<\/td><td class=\"column-2\">\ud83c\uddef\ud83c\uddf5  <strong><a href=\"https:\/\/pod.fo\/e\/13d450\" rel=\"noopener\" target=\"_blank\">Leon Pokrovsky<\/a><\/strong><\/td><td class=\"column-3\">Por qu\u00e9 \"ser guay\" es la clave para entender el freestyle en Jap\u00f3n<\/td>\n<\/tr>\n<tr class=\"row-5\">\n\t<td class=\"column-1\">4<\/td><td class=\"column-2\">\ud83c\udde6\ud83c\uddfa  <strong><a href=\"https:\/\/pod.fo\/e\/13efce\" rel=\"noopener\" target=\"_blank\">Jay Hennicke<\/a><\/strong><\/td><td class=\"column-3\">Sobre crecer en Australia, la cultura del freestyle en el hemisferio sur y el deseo de convertirse en el mejor<\/td>\n<\/tr>\n<tr class=\"row-6\">\n\t<td class=\"column-1\">5<\/td><td class=\"column-2\">\ud83c\uddec\ud83c\udde7  <strong><a href=\"https:\/\/pod.fo\/e\/140b95\" rel=\"noopener\" target=\"_blank\">Becka Hugill<\/a><\/strong><\/td><td class=\"column-3\">\"\u00a1Estoy obsesionada con el freestyle!\": la 'recordwoman' de 16 a\u00f1os sobre c\u00f3mo el deporte ha cambiado su vida<\/td>\n<\/tr>\n<tr class=\"row-7\">\n\t<td class=\"column-1\">6<\/td><td class=\"column-2\">\ud83c\uddec\ud83c\udde7  <strong><a href=\"https:\/\/pod.fo\/e\/1429ba\" rel=\"noopener\" target=\"_blank\">Jack Downer<\/a><\/strong><\/td><td class=\"column-3\">La estrella del Panna y del f\u00fatbol callejero sobre c\u00f3mo driblar incluso a la muerte<\/td>\n<\/tr>\n<tr class=\"row-8\">\n\t<td class=\"column-1\">7<\/td><td class=\"column-2\">\ud83c\uddec\ud83c\udde7  <strong><a href=\"https:\/\/pod.fo\/e\/144735\" rel=\"noopener\" target=\"_blank\">Dan Wood<\/a><\/strong><\/td><td class=\"column-3\">\"El freestyle puede revolucionar todo el ecosistema del deporte\": el cofundador de la WFFA sobre c\u00f3mo la disciplina tiene potencial para cambiar el mundo<\/td>\n<\/tr>\n<tr class=\"row-9\">\n\t<td class=\"column-1\">8<\/td><td class=\"column-2\">\ud83c\uddf3\ud83c\uddf4  <strong><a href=\"https:\/\/pod.fo\/e\/14629d\"\" rel=\"noopener\" target=\"_blank\">Brynjar Fagerli<\/a><\/strong><\/td><td class=\"column-3\">El fin de una era: una leyenda del deporte cuelga las zapatillas tras Red Bull Street Style 2022<\/td>\n<\/tr>\n<tr class=\"row-10\">\n\t<td class=\"column-1\">9<\/td><td class=\"column-2\">\ud83c\udde8\ud83c\udde6  <strong><a href=\"https:\/\/pod.fo\/e\/147ecb\" rel=\"noopener\" target=\"_blank\">Steve Elias<\/a><\/strong><\/td><td class=\"column-3\">El presidente de la WFFA sobre c\u00f3mo ser un pionero del F\u00fatbol Freestyle y que te confundan con Zinedine Zidane<\/td>\n<\/tr>\n<tr class=\"row-11\">\n\t<td class=\"column-1\">10<\/td><td class=\"column-2\">\ud83c\uddf5\ud83c\udded  <strong><a href=\"https:\/\/pod.fo\/e\/149e89\" rel=\"noopener\" target=\"_blank\">Philip 'PWG' Warren Gertsson<\/a><\/strong><\/td><td class=\"column-3\">\"Me pregunto... \u00bfvale la pena todo esto?\": una leyenda del freestyle sobre los sacrificios que requiere mantenerse en la \u00e9lite del deporte durante m\u00e1s de una d\u00e9cada<\/td>\n<\/tr>\n<tr class=\"row-12\">\n\t<td class=\"column-1\">11<\/td><td class=\"column-2\">\ud83c\uddee\ud83c\uddf9  <strong><a href=\"https:\/\/pod.fo\/e\/14baf8\" rel=\"noopener\" target=\"_blank\">Lorenzo Pinciroli<\/a><\/strong><\/td><td class=\"column-3\">Sobre c\u00f3mo un jugador de baloncesto se convirti\u00f3 en la inconfundible voz del F\u00fatbol Freestyle<\/td>\n<\/tr>\n<tr class=\"row-13\">\n\t<td class=\"column-1\">12<\/td><td class=\"column-2\">\ud83c\uddec\ud83c\udde7  <strong><a href=\"https:\/\/pod.fo\/e\/144735\" rel=\"noopener\" target=\"_blank\">Steve Gray<\/a><\/strong><\/td><td class=\"column-3\">Sobre c\u00f3mo las redes sociales impactan el F\u00fatbol Freestyle... y todo lo dem\u00e1s en la vida<\/td>\n<\/tr>\n<tr class=\"row-14\">\n\t<td class=\"column-1\">13<\/td><td class=\"column-2\">\ud83c\uddf3\ud83c\uddf1  <strong><a href=\"https:\/\/pod.fo\/e\/14f4d0\" rel=\"noopener\" target=\"_blank\">Dani\u00ebl Rooseboom<\/a><\/strong><\/td><td class=\"column-3\">El presentador de la serie hablar sobre 15 a\u00f1os de F\u00fatbol Freestyle que empezaron con... un osito de peluche<\/td>\n<\/tr>\n<\/tbody>\n<\/table>\n<!-- #tablepress-Podcast from cache -->\n<p>Para m\u00e1s detalles sobre las series o para discutir oportunidades de 'partnership', manda un correo a <a href=\"mailto:media@worldfreestylefootball.org\"><strong>media@worldfreestylefootball.org<\/strong><\/a>.<\/p>\n<hr \/>\n<p><span style=\"font-size: 10pt;\">\u00a1Para m\u00e1s informaci\u00f3n sobre las actividades de la <strong>WFFA<\/strong>, sigue sus canales oficiales!<\/span><\/p>\n<p><a href=\"https:\/\/www.facebook.com\/thewffa\" target=\"_blank\" rel=\"noopener\"><img decoding=\"async\" class=\"alignnone wp-image-3999\" src=\"https:\/\/wffa.fspdev.com\/wp-content\/uploads\/2021\/06\/facebook-green-150x150.png\" alt=\"\" width=\"40\" height=\"40\" srcset=\"https:\/\/worldfreestylefootball.org\/wp-content\/uploads\/2021\/06\/facebook-green-150x150.png 150w, https:\/\/worldfreestylefootball.org\/wp-content\/uploads\/2021\/06\/facebook-green-300x300.png 300w, https:\/\/worldfreestylefootball.org\/wp-content\/uploads\/2021\/06\/facebook-green-50x50.png 50w, https:\/\/worldfreestylefootball.org\/wp-content\/uploads\/2021\/06\/facebook-green-30x30.png 30w, https:\/\/worldfreestylefootball.org\/wp-content\/uploads\/2021\/06\/facebook-green-100x100.png 100w, https:\/\/worldfreestylefootball.org\/wp-content\/uploads\/2021\/06\/facebook-green-200x200.png 200w, https:\/\/worldfreestylefootball.org\/wp-content\/uploads\/2021\/06\/facebook-green-110x110.png 110w, https:\/\/worldfreestylefootball.org\/wp-content\/uploads\/2021\/06\/facebook-green-360x360.png 360w, https:\/\/worldfreestylefootball.org\/wp-content\/uploads\/2021\/06\/facebook-green-83x83.png 83w, https:\/\/worldfreestylefootball.org\/wp-content\/uploads\/2021\/06\/facebook-green-250x250.png 250w, https:\/\/worldfreestylefootball.org\/wp-content\/uploads\/2021\/06\/facebook-green.png 512w\" sizes=\"(max-width: 40px) 100vw, 40px\" \/><\/a><a href=\"http:\/\/www.instagram.com\/thewffa\" target=\"_blank\" rel=\"noopener\"><img decoding=\"async\" class=\"alignnone wp-image-4000\" src=\"https:\/\/wffa.fspdev.com\/wp-content\/uploads\/2021\/06\/instagram-green-298x300.png\" alt=\"\" width=\"37\" height=\"37\" srcset=\"https:\/\/worldfreestylefootball.org\/wp-content\/uploads\/2021\/06\/instagram-green-298x300.png 298w, https:\/\/worldfreestylefootball.org\/wp-content\/uploads\/2021\/06\/instagram-green-1016x1024.png 1016w, https:\/\/worldfreestylefootball.org\/wp-content\/uploads\/2021\/06\/instagram-green-150x150.png 150w, https:\/\/worldfreestylefootball.org\/wp-content\/uploads\/2021\/06\/instagram-green-768x774.png 768w, https:\/\/worldfreestylefootball.org\/wp-content\/uploads\/2021\/06\/instagram-green-1524x1536.png 1524w, https:\/\/worldfreestylefootball.org\/wp-content\/uploads\/2021\/06\/instagram-green-50x50.png 50w, https:\/\/worldfreestylefootball.org\/wp-content\/uploads\/2021\/06\/instagram-green-30x30.png 30w, https:\/\/worldfreestylefootball.org\/wp-content\/uploads\/2021\/06\/instagram-green-99x100.png 99w, https:\/\/worldfreestylefootball.org\/wp-content\/uploads\/2021\/06\/instagram-green-149x150.png 149w, https:\/\/worldfreestylefootball.org\/wp-content\/uploads\/2021\/06\/instagram-green-198x200.png 198w, https:\/\/worldfreestylefootball.org\/wp-content\/uploads\/2021\/06\/instagram-green-109x110.png 109w, https:\/\/worldfreestylefootball.org\/wp-content\/uploads\/2021\/06\/instagram-green-360x360.png 360w, https:\/\/worldfreestylefootball.org\/wp-content\/uploads\/2021\/06\/instagram-green-82x83.png 82w, https:\/\/worldfreestylefootball.org\/wp-content\/uploads\/2021\/06\/instagram-green-250x252.png 250w, https:\/\/worldfreestylefootball.org\/wp-content\/uploads\/2021\/06\/instagram-green.png 1997w\" sizes=\"(max-width: 37px) 100vw, 37px\" \/><\/a><a href=\"https:\/\/www.linkedin.com\/company\/world-freestyle-football-association\/\" target=\"_blank\" rel=\"noopener\"><img decoding=\"async\" class=\"alignnone wp-image-4001\" src=\"https:\/\/wffa.fspdev.com\/wp-content\/uploads\/2021\/06\/linkedin-green.png\" alt=\"\" width=\"36\" height=\"35\" srcset=\"https:\/\/worldfreestylefootball.org\/wp-content\/uploads\/2021\/06\/linkedin-green.png 278w, https:\/\/worldfreestylefootball.org\/wp-content\/uploads\/2021\/06\/linkedin-green-150x150.png 150w, https:\/\/worldfreestylefootball.org\/wp-content\/uploads\/2021\/06\/linkedin-green-51x50.png 51w, https:\/\/worldfreestylefootball.org\/wp-content\/uploads\/2021\/06\/linkedin-green-50x50.png 50w, https:\/\/worldfreestylefootball.org\/wp-content\/uploads\/2021\/06\/linkedin-green-30x30.png 30w, https:\/\/worldfreestylefootball.org\/wp-content\/uploads\/2021\/06\/linkedin-green-101x100.png 101w, https:\/\/worldfreestylefootball.org\/wp-content\/uploads\/2021\/06\/linkedin-green-152x150.png 152w, https:\/\/worldfreestylefootball.org\/wp-content\/uploads\/2021\/06\/linkedin-green-203x200.png 203w, https:\/\/worldfreestylefootball.org\/wp-content\/uploads\/2021\/06\/linkedin-green-112x110.png 112w, https:\/\/worldfreestylefootball.org\/wp-content\/uploads\/2021\/06\/linkedin-green-84x83.png 84w, https:\/\/worldfreestylefootball.org\/wp-content\/uploads\/2021\/06\/linkedin-green-250x246.png 250w\" sizes=\"(max-width: 36px) 100vw, 36px\" \/><\/a><a href=\"https:\/\/www.tiktok.com\/@thewffa\" target=\"_blank\" rel=\"noopener\"><img loading=\"lazy\" decoding=\"async\" class=\"alignnone wp-image-4002\" src=\"https:\/\/wffa.fspdev.com\/wp-content\/uploads\/2021\/06\/tiktok-green-292x300.png\" alt=\"\" width=\"35\" height=\"36\" srcset=\"https:\/\/worldfreestylefootball.org\/wp-content\/uploads\/2021\/06\/tiktok-green-292x300.png 292w, https:\/\/worldfreestylefootball.org\/wp-content\/uploads\/2021\/06\/tiktok-green-150x150.png 150w, https:\/\/worldfreestylefootball.org\/wp-content\/uploads\/2021\/06\/tiktok-green-49x50.png 49w, https:\/\/worldfreestylefootball.org\/wp-content\/uploads\/2021\/06\/tiktok-green-50x50.png 50w, https:\/\/worldfreestylefootball.org\/wp-content\/uploads\/2021\/06\/tiktok-green-30x30.png 30w, https:\/\/worldfreestylefootball.org\/wp-content\/uploads\/2021\/06\/tiktok-green-97x100.png 97w, https:\/\/worldfreestylefootball.org\/wp-content\/uploads\/2021\/06\/tiktok-green-146x150.png 146w, https:\/\/worldfreestylefootball.org\/wp-content\/uploads\/2021\/06\/tiktok-green-195x200.png 195w, https:\/\/worldfreestylefootball.org\/wp-content\/uploads\/2021\/06\/tiktok-green-107x110.png 107w, https:\/\/worldfreestylefootball.org\/wp-content\/uploads\/2021\/06\/tiktok-green-360x360.png 360w, https:\/\/worldfreestylefootball.org\/wp-content\/uploads\/2021\/06\/tiktok-green-81x83.png 81w, https:\/\/worldfreestylefootball.org\/wp-content\/uploads\/2021\/06\/tiktok-green-250x257.png 250w, https:\/\/worldfreestylefootball.org\/wp-content\/uploads\/2021\/06\/tiktok-green.png 438w\" sizes=\"(max-width: 35px) 100vw, 35px\" \/><\/a><a href=\"https:\/\/www.twitch.tv\/thewffa\" target=\"_blank\" rel=\"noopener\"><img loading=\"lazy\" decoding=\"async\" class=\"alignnone wp-image-4005\" src=\"https:\/\/wffa.fspdev.com\/wp-content\/uploads\/2021\/06\/twitch-logo-green-300x300.png\" alt=\"\" width=\"35\" height=\"35\" srcset=\"https:\/\/worldfreestylefootball.org\/wp-content\/uploads\/2021\/06\/twitch-logo-green-300x300.png 300w, https:\/\/worldfreestylefootball.org\/wp-content\/uploads\/2021\/06\/twitch-logo-green-150x150.png 150w, https:\/\/worldfreestylefootball.org\/wp-content\/uploads\/2021\/06\/twitch-logo-green-50x50.png 50w, https:\/\/worldfreestylefootball.org\/wp-content\/uploads\/2021\/06\/twitch-logo-green-30x30.png 30w, https:\/\/worldfreestylefootball.org\/wp-content\/uploads\/2021\/06\/twitch-logo-green-100x100.png 100w, https:\/\/worldfreestylefootball.org\/wp-content\/uploads\/2021\/06\/twitch-logo-green-200x200.png 200w, https:\/\/worldfreestylefootball.org\/wp-content\/uploads\/2021\/06\/twitch-logo-green-110x110.png 110w, https:\/\/worldfreestylefootball.org\/wp-content\/uploads\/2021\/06\/twitch-logo-green-360x360.png 360w, https:\/\/worldfreestylefootball.org\/wp-content\/uploads\/2021\/06\/twitch-logo-green-83x83.png 83w, https:\/\/worldfreestylefootball.org\/wp-content\/uploads\/2021\/06\/twitch-logo-green-250x250.png 250w, https:\/\/worldfreestylefootball.org\/wp-content\/uploads\/2021\/06\/twitch-logo-green.png 512w\" sizes=\"(max-width: 35px) 100vw, 35px\" \/><\/a><a href=\"https:\/\/www.youtube.com\/c\/thewffa\" target=\"_blank\" rel=\"noopener\"><img loading=\"lazy\" decoding=\"async\" class=\"alignnone wp-image-4004\" src=\"https:\/\/wffa.fspdev.com\/wp-content\/uploads\/2021\/06\/Youtube-green-centered-300x300.png\" alt=\"\" width=\"36\" height=\"36\" srcset=\"https:\/\/worldfreestylefootball.org\/wp-content\/uploads\/2021\/06\/Youtube-green-centered-300x300.png 300w, https:\/\/worldfreestylefootball.org\/wp-content\/uploads\/2021\/06\/Youtube-green-centered-150x150.png 150w, https:\/\/worldfreestylefootball.org\/wp-content\/uploads\/2021\/06\/Youtube-green-centered-50x50.png 50w, https:\/\/worldfreestylefootball.org\/wp-content\/uploads\/2021\/06\/Youtube-green-centered-30x30.png 30w, https:\/\/worldfreestylefootball.org\/wp-content\/uploads\/2021\/06\/Youtube-green-centered-100x100.png 100w, https:\/\/worldfreestylefootball.org\/wp-content\/uploads\/2021\/06\/Youtube-green-centered-200x200.png 200w, https:\/\/worldfreestylefootball.org\/wp-content\/uploads\/2021\/06\/Youtube-green-centered-110x110.png 110w, https:\/\/worldfreestylefootball.org\/wp-content\/uploads\/2021\/06\/Youtube-green-centered-360x360.png 360w, https:\/\/worldfreestylefootball.org\/wp-content\/uploads\/2021\/06\/Youtube-green-centered-83x83.png 83w, https:\/\/worldfreestylefootball.org\/wp-content\/uploads\/2021\/06\/Youtube-green-centered-250x250.png 250w, https:\/\/worldfreestylefootball.org\/wp-content\/uploads\/2021\/06\/Youtube-green-centered.png 512w\" sizes=\"(max-width: 36px) 100vw, 36px\" \/><\/a><\/p>","protected":false},"excerpt":{"rendered":"<p>Together with British audio strategist VoiceWorks, the WFFA has launched a unique podcast, hosted by Freestyle Football legend Dani\u00ebl Rooseboom and featuring the greatest talents\u2026 <a href=\"https:\/\/worldfreestylefootball.org\/es\/podcasts\/\">Read More &raquo;<\/a><\/p>","protected":false},"author":10,"featured_media":0,"parent":0,"menu_order":0,"comment_status":"closed","ping_status":"closed","template":"","meta":{"_acf_changed":false,"_monsterinsights_skip_tracking":false,"_monsterinsights_sitenote_active":false,"_monsterinsights_sitenote_note":"","_monsterinsights_sitenote_category":0,"footnotes":""},"class_list":["post-6260","page","type-page","status-publish","hentry"],"acf":[],"yoast_head":"<!-- This site is optimized with the Yoast SEO plugin v27.4 - https:\/\/yoast.com\/product\/yoast-seo-wordpress\/ -->\n<title>Podcasts - The World Freestyle Football Association<\/title>\n<meta name=\"description\" content=\"Freestyle Football legend and pioneer Dani\u00ebl Rooseboom interviews the greatest characters in the sport in the #AllYouNeedIsABall podcast series.\" \/>\n<meta name=\"robots\" content=\"index, follow, max-snippet:-1, max-image-preview:large, max-video-preview:-1\" \/>\n<link rel=\"canonical\" href=\"https:\/\/worldfreestylefootball.org\/es\/podcasts\/\" \/>\n<meta property=\"og:locale\" content=\"es_ES\" \/>\n<meta property=\"og:type\" content=\"article\" \/>\n<meta property=\"og:title\" content=\"#AllYouNeedIsABall podcast series\" \/>\n<meta property=\"og:description\" content=\"Freestyle Football legend and pioneer Dani\u00ebl Rooseboom interviews the greatest characters in the sport in the #AllYouNeedIsABall podcast series.\" \/>\n<meta property=\"og:url\" content=\"https:\/\/worldfreestylefootball.org\/es\/podcasts\/\" \/>\n<meta property=\"og:site_name\" content=\"The World Freestyle Football Association\" \/>\n<meta property=\"article:modified_time\" content=\"2025-08-08T15:16:12+00:00\" \/>\n<meta property=\"og:image\" content=\"https:\/\/worldfreestylefootball.org\/wp-content\/uploads\/2022\/11\/Boyka-1.jpg\" \/>\n\t<meta property=\"og:image:width\" content=\"2000\" \/>\n\t<meta property=\"og:image:height\" content=\"1334\" \/>\n\t<meta property=\"og:image:type\" content=\"image\/jpeg\" \/>\n<meta name=\"twitter:card\" content=\"summary_large_image\" \/>\n<meta name=\"twitter:title\" content=\"#AllYouNeedIsABall podcast series\" \/>\n<meta name=\"twitter:description\" content=\"Freestyle Football legend and pioneer Dani\u00ebl Rooseboom interviews the greatest characters in the sport in the #AllYouNeedIsABall podcast series.\" \/>\n<meta name=\"twitter:image\" content=\"https:\/\/worldfreestylefootball.org\/wp-content\/uploads\/2022\/11\/Boyka-1.jpg\" \/>\n<meta name=\"twitter:label1\" content=\"Tiempo de lectura\" \/>\n\t<meta name=\"twitter:data1\" content=\"2 minutos\" \/>\n<script type=\"application\/ld+json\" class=\"yoast-schema-graph\">{\"@context\":\"https:\\\/\\\/schema.org\",\"@graph\":[{\"@type\":\"WebPage\",\"@id\":\"https:\\\/\\\/worldfreestylefootball.org\\\/podcasts\\\/\",\"url\":\"https:\\\/\\\/worldfreestylefootball.org\\\/podcasts\\\/\",\"name\":\"Podcasts - The World Freestyle Football Association\",\"isPartOf\":{\"@id\":\"https:\\\/\\\/worldfreestylefootball.org\\\/#website\"},\"primaryImageOfPage\":{\"@id\":\"https:\\\/\\\/worldfreestylefootball.org\\\/podcasts\\\/#primaryimage\"},\"image\":{\"@id\":\"https:\\\/\\\/worldfreestylefootball.org\\\/podcasts\\\/#primaryimage\"},\"thumbnailUrl\":\"https:\\\/\\\/wffa.fspdev.com\\\/wp-content\\\/uploads\\\/2021\\\/06\\\/facebook-green-150x150.png\",\"datePublished\":\"2022-11-22T12:01:56+00:00\",\"dateModified\":\"2025-08-08T15:16:12+00:00\",\"description\":\"Freestyle Football legend and pioneer Dani\u00ebl Rooseboom interviews the greatest characters in the sport in the #AllYouNeedIsABall podcast series.\",\"breadcrumb\":{\"@id\":\"https:\\\/\\\/worldfreestylefootball.org\\\/podcasts\\\/#breadcrumb\"},\"inLanguage\":\"es\",\"potentialAction\":[{\"@type\":\"ReadAction\",\"target\":[\"https:\\\/\\\/worldfreestylefootball.org\\\/podcasts\\\/\"]}]},{\"@type\":\"ImageObject\",\"inLanguage\":\"es\",\"@id\":\"https:\\\/\\\/worldfreestylefootball.org\\\/podcasts\\\/#primaryimage\",\"url\":\"https:\\\/\\\/wffa.fspdev.com\\\/wp-content\\\/uploads\\\/2021\\\/06\\\/facebook-green-150x150.png\",\"contentUrl\":\"https:\\\/\\\/wffa.fspdev.com\\\/wp-content\\\/uploads\\\/2021\\\/06\\\/facebook-green-150x150.png\"},{\"@type\":\"BreadcrumbList\",\"@id\":\"https:\\\/\\\/worldfreestylefootball.org\\\/podcasts\\\/#breadcrumb\",\"itemListElement\":[{\"@type\":\"ListItem\",\"position\":1,\"name\":\"Home\",\"item\":\"https:\\\/\\\/worldfreestylefootball.org\\\/\"},{\"@type\":\"ListItem\",\"position\":2,\"name\":\"Podcasts\"}]},{\"@type\":\"WebSite\",\"@id\":\"https:\\\/\\\/worldfreestylefootball.org\\\/#website\",\"url\":\"https:\\\/\\\/worldfreestylefootball.org\\\/\",\"name\":\"The World Freestyle Football Association\",\"description\":\"The official website of the global governing body for the sport of freestyle football\",\"potentialAction\":[{\"@type\":\"SearchAction\",\"target\":{\"@type\":\"EntryPoint\",\"urlTemplate\":\"https:\\\/\\\/worldfreestylefootball.org\\\/?s={search_term_string}\"},\"query-input\":{\"@type\":\"PropertyValueSpecification\",\"valueRequired\":true,\"valueName\":\"search_term_string\"}}],\"inLanguage\":\"es\"}]}<\/script>\n<!-- \/ Yoast SEO plugin. -->","yoast_head_json":{"title":"Podcasts - The World Freestyle Football Association","description":"Freestyle Football legend and pioneer Dani\u00ebl Rooseboom interviews the greatest characters in the sport in the #AllYouNeedIsABall podcast series.","robots":{"index":"index","follow":"follow","max-snippet":"max-snippet:-1","max-image-preview":"max-image-preview:large","max-video-preview":"max-video-preview:-1"},"canonical":"https:\/\/worldfreestylefootball.org\/es\/podcasts\/","og_locale":"es_ES","og_type":"article","og_title":"#AllYouNeedIsABall podcast series","og_description":"Freestyle Football legend and pioneer Dani\u00ebl Rooseboom interviews the greatest characters in the sport in the #AllYouNeedIsABall podcast series.","og_url":"https:\/\/worldfreestylefootball.org\/es\/podcasts\/","og_site_name":"The World Freestyle Football Association","article_modified_time":"2025-08-08T15:16:12+00:00","og_image":[{"width":2000,"height":1334,"url":"https:\/\/worldfreestylefootball.org\/wp-content\/uploads\/2022\/11\/Boyka-1.jpg","type":"image\/jpeg"}],"twitter_card":"summary_large_image","twitter_title":"#AllYouNeedIsABall podcast series","twitter_description":"Freestyle Football legend and pioneer Dani\u00ebl Rooseboom interviews the greatest characters in the sport in the #AllYouNeedIsABall podcast series.","twitter_image":"https:\/\/worldfreestylefootball.org\/wp-content\/uploads\/2022\/11\/Boyka-1.jpg","twitter_misc":{"Tiempo de lectura":"2 minutos"},"schema":{"@context":"https:\/\/schema.org","@graph":[{"@type":"WebPage","@id":"https:\/\/worldfreestylefootball.org\/podcasts\/","url":"https:\/\/worldfreestylefootball.org\/podcasts\/","name":"Podcasts - The World Freestyle Football Association","isPartOf":{"@id":"https:\/\/worldfreestylefootball.org\/#website"},"primaryImageOfPage":{"@id":"https:\/\/worldfreestylefootball.org\/podcasts\/#primaryimage"},"image":{"@id":"https:\/\/worldfreestylefootball.org\/podcasts\/#primaryimage"},"thumbnailUrl":"https:\/\/wffa.fspdev.com\/wp-content\/uploads\/2021\/06\/facebook-green-150x150.png","datePublished":"2022-11-22T12:01:56+00:00","dateModified":"2025-08-08T15:16:12+00:00","description":"Freestyle Football legend and pioneer Dani\u00ebl Rooseboom interviews the greatest characters in the sport in the #AllYouNeedIsABall podcast series.","breadcrumb":{"@id":"https:\/\/worldfreestylefootball.org\/podcasts\/#breadcrumb"},"inLanguage":"es","potentialAction":[{"@type":"ReadAction","target":["https:\/\/worldfreestylefootball.org\/podcasts\/"]}]},{"@type":"ImageObject","inLanguage":"es","@id":"https:\/\/worldfreestylefootball.org\/podcasts\/#primaryimage","url":"https:\/\/wffa.fspdev.com\/wp-content\/uploads\/2021\/06\/facebook-green-150x150.png","contentUrl":"https:\/\/wffa.fspdev.com\/wp-content\/uploads\/2021\/06\/facebook-green-150x150.png"},{"@type":"BreadcrumbList","@id":"https:\/\/worldfreestylefootball.org\/podcasts\/#breadcrumb","itemListElement":[{"@type":"ListItem","position":1,"name":"Home","item":"https:\/\/worldfreestylefootball.org\/"},{"@type":"ListItem","position":2,"name":"Podcasts"}]},{"@type":"WebSite","@id":"https:\/\/worldfreestylefootball.org\/#website","url":"https:\/\/worldfreestylefootball.org\/","name":"The World Freestyle Football Association","description":"The official website of the global governing body for the sport of freestyle football","potentialAction":[{"@type":"SearchAction","target":{"@type":"EntryPoint","urlTemplate":"https:\/\/worldfreestylefootball.org\/?s={search_term_string}"},"query-input":{"@type":"PropertyValueSpecification","valueRequired":true,"valueName":"search_term_string"}}],"inLanguage":"es"}]}},"_links":{"self":[{"href":"https:\/\/worldfreestylefootball.org\/es\/wp-json\/wp\/v2\/pages\/6260","targetHints":{"allow":["GET"]}}],"collection":[{"href":"https:\/\/worldfreestylefootball.org\/es\/wp-json\/wp\/v2\/pages"}],"about":[{"href":"https:\/\/worldfreestylefootball.org\/es\/wp-json\/wp\/v2\/types\/page"}],"author":[{"embeddable":true,"href":"https:\/\/worldfreestylefootball.org\/es\/wp-json\/wp\/v2\/users\/10"}],"replies":[{"embeddable":true,"href":"https:\/\/worldfreestylefootball.org\/es\/wp-json\/wp\/v2\/comments?post=6260"}],"version-history":[{"count":7,"href":"https:\/\/worldfreestylefootball.org\/es\/wp-json\/wp\/v2\/pages\/6260\/revisions"}],"predecessor-version":[{"id":9525,"href":"https:\/\/worldfreestylefootball.org\/es\/wp-json\/wp\/v2\/pages\/6260\/revisions\/9525"}],"wp:attachment":[{"href":"https:\/\/worldfreestylefootball.org\/es\/wp-json\/wp\/v2\/media?parent=6260"}],"curies":[{"name":"wp","href":"https:\/\/api.w.org\/{rel}","templated":true}]}}