{"id":6406,"date":"2023-02-01T11:46:23","date_gmt":"2023-02-01T10:46:23","guid":{"rendered":"https:\/\/thewffa.org\/?page_id=6406"},"modified":"2026-04-06T21:47:06","modified_gmt":"2026-04-06T19:47:06","slug":"freestyle-football-pulse-series","status":"publish","type":"page","link":"https:\/\/worldfreestylefootball.org\/es\/freestyle-football-pulse-series\/","title":{"rendered":"Series Pulse"},"content":{"rendered":"<p><img fetchpriority=\"high\" decoding=\"async\" class=\"aligncenter wp-image-6408\" src=\"https:\/\/worldfreestylefootball.org\/wp-content\/uploads\/2023\/02\/Pulse-Series-background.jpg\" alt=\"\" width=\"1600\" height=\"789\" srcset=\"https:\/\/worldfreestylefootball.org\/wp-content\/uploads\/2023\/02\/Pulse-Series-background.jpg 1600w, https:\/\/worldfreestylefootball.org\/wp-content\/uploads\/2023\/02\/Pulse-Series-background-300x148.jpg 300w, https:\/\/worldfreestylefootball.org\/wp-content\/uploads\/2023\/02\/Pulse-Series-background-1024x505.jpg 1024w, https:\/\/worldfreestylefootball.org\/wp-content\/uploads\/2023\/02\/Pulse-Series-background-768x379.jpg 768w, https:\/\/worldfreestylefootball.org\/wp-content\/uploads\/2023\/02\/Pulse-Series-background-1536x757.jpg 1536w, https:\/\/worldfreestylefootball.org\/wp-content\/uploads\/2023\/02\/Pulse-Series-background-18x9.jpg 18w, https:\/\/worldfreestylefootball.org\/wp-content\/uploads\/2023\/02\/Pulse-Series-background-101x50.jpg 101w, https:\/\/worldfreestylefootball.org\/wp-content\/uploads\/2023\/02\/Pulse-Series-background-50x25.jpg 50w, https:\/\/worldfreestylefootball.org\/wp-content\/uploads\/2023\/02\/Pulse-Series-background-100x50.jpg 100w, https:\/\/worldfreestylefootball.org\/wp-content\/uploads\/2023\/02\/Pulse-Series-background-30x15.jpg 30w, https:\/\/worldfreestylefootball.org\/wp-content\/uploads\/2023\/02\/Pulse-Series-background-200x100.jpg 200w, https:\/\/worldfreestylefootball.org\/wp-content\/uploads\/2023\/02\/Pulse-Series-background-250x123.jpg 250w, https:\/\/worldfreestylefootball.org\/wp-content\/uploads\/2023\/02\/Pulse-Series-background-223x110.jpg 223w, https:\/\/worldfreestylefootball.org\/wp-content\/uploads\/2023\/02\/Pulse-Series-background-255x126.jpg 255w, https:\/\/worldfreestylefootball.org\/wp-content\/uploads\/2023\/02\/Pulse-Series-background-168x83.jpg 168w\" sizes=\"(max-width: 1600px) 100vw, 1600px\" \/><\/p>\n<p>La <b>Series Pulse de F\u00fatbol Freestyle<\/b><span style=\"font-weight: 400;\"> son una sucesi\u00f3n de cinco torneos altamente competitivos que act\u00faan como campeonatos regionales y sirven como clasificatorias para el\u00a0<a href=\"https:\/\/worldfreestylefootball.org\/es\/world-freestyle-football-championship\/\"><strong>Campeonato Mundial de F\u00fatbol Freestyle<\/strong><\/a>.<\/span><\/p>\n<p>Las Series Pulse de 2026 tendr\u00e1n lugar <strong>entre junio y octubre<\/strong>\u00a0en las siguientes ubicaciones:<\/p>\n<ul>\n<li><span style=\"font-size: 14pt;\">\u00c1frica: <a href=\"https:\/\/worldfreestylefootball.org\/es\/event\/pulseafrica26\/\"><strong>WFFA Online Pulse Africa 2026<\/strong><\/a><\/span><\/li>\n<li><span style=\"font-size: 14pt;\">Asia-Pac\u00edfico: <a href=\"https:\/\/worldfreestylefootball.org\/es\/event\/pulsephnompenh26\/\"><strong>WFFA Pulse Phnom Penh 2026<\/strong><\/a><\/span><\/li>\n<li><span style=\"font-size: 14pt;\">Norteam\u00e9rica: <a href=\"https:\/\/worldfreestylefootball.org\/es\/event\/pulsecdmx26\/\"><strong>WFFA Pulse CDMX 2026<\/strong><\/a><\/span><\/li>\n<li><span style=\"font-size: 14pt;\">Sudam\u00e9rica: <a href=\"https:\/\/worldfreestylefootball.org\/es\/event\/pulsesantiago26\/\"><strong>WFFA Pulse Santiago 2026<\/strong><\/a><\/span><\/li>\n<li><span style=\"font-size: 14pt;\">Europa: <strong><a href=\"https:\/\/worldfreestylefootball.org\/es\/event\/pulsechateauroux26\/\">WFFA Pulse Ch\u00e2teauroux 2026<\/a><\/strong><br \/>\n<\/span><\/li>\n<\/ul>\n<p>Cada una de las cinco regiones en las que la WFFA ha dividido el mundo (<strong>Norteam\u00e9rica, Sudam\u00e9rica, Europa, \u00c1frica y Asia-Pac\u00edfico<\/strong>) dispondr\u00e1 de un n\u00famero determinado de plazas en las Finales del Campeonato Mundial: esto asegura que cada regi\u00f3n est\u00e9 representada en el evento m\u00e1s competitivo del circuito de F\u00fatbol Freestyle.<\/p>\n<p><img decoding=\"async\" class=\"wp-image-10088 aligncenter\" src=\"https:\/\/worldfreestylefootball.org\/wp-content\/uploads\/2026\/03\/Copy-of-WFFA-Corporate-1x1-Social-Posts-template-2-300x225.jpg\" alt=\"\" width=\"1599\" height=\"1200\" srcset=\"https:\/\/worldfreestylefootball.org\/wp-content\/uploads\/2026\/03\/Copy-of-WFFA-Corporate-1x1-Social-Posts-template-2-300x225.jpg 300w, https:\/\/worldfreestylefootball.org\/wp-content\/uploads\/2026\/03\/Copy-of-WFFA-Corporate-1x1-Social-Posts-template-2-1200x900.jpg 1200w, https:\/\/worldfreestylefootball.org\/wp-content\/uploads\/2026\/03\/Copy-of-WFFA-Corporate-1x1-Social-Posts-template-2-768x576.jpg 768w, https:\/\/worldfreestylefootball.org\/wp-content\/uploads\/2026\/03\/Copy-of-WFFA-Corporate-1x1-Social-Posts-template-2-1536x1152.jpg 1536w, https:\/\/worldfreestylefootball.org\/wp-content\/uploads\/2026\/03\/Copy-of-WFFA-Corporate-1x1-Social-Posts-template-2-16x12.jpg 16w, https:\/\/worldfreestylefootball.org\/wp-content\/uploads\/2026\/03\/Copy-of-WFFA-Corporate-1x1-Social-Posts-template-2-67x50.jpg 67w, https:\/\/worldfreestylefootball.org\/wp-content\/uploads\/2026\/03\/Copy-of-WFFA-Corporate-1x1-Social-Posts-template-2-50x38.jpg 50w, https:\/\/worldfreestylefootball.org\/wp-content\/uploads\/2026\/03\/Copy-of-WFFA-Corporate-1x1-Social-Posts-template-2-133x100.jpg 133w, https:\/\/worldfreestylefootball.org\/wp-content\/uploads\/2026\/03\/Copy-of-WFFA-Corporate-1x1-Social-Posts-template-2-200x150.jpg 200w, https:\/\/worldfreestylefootball.org\/wp-content\/uploads\/2026\/03\/Copy-of-WFFA-Corporate-1x1-Social-Posts-template-2-267x200.jpg 267w, https:\/\/worldfreestylefootball.org\/wp-content\/uploads\/2026\/03\/Copy-of-WFFA-Corporate-1x1-Social-Posts-template-2-147x110.jpg 147w, https:\/\/worldfreestylefootball.org\/wp-content\/uploads\/2026\/03\/Copy-of-WFFA-Corporate-1x1-Social-Posts-template-2-255x191.jpg 255w, https:\/\/worldfreestylefootball.org\/wp-content\/uploads\/2026\/03\/Copy-of-WFFA-Corporate-1x1-Social-Posts-template-2-111x83.jpg 111w, https:\/\/worldfreestylefootball.org\/wp-content\/uploads\/2026\/03\/Copy-of-WFFA-Corporate-1x1-Social-Posts-template-2-250x188.jpg 250w, https:\/\/worldfreestylefootball.org\/wp-content\/uploads\/2026\/03\/Copy-of-WFFA-Corporate-1x1-Social-Posts-template-2.jpg 1920w\" sizes=\"(max-width: 1599px) 100vw, 1599px\" \/><\/p>\n<p>Para m\u00e1s detalles sobre el <a href=\"https:\/\/worldfreestylefootball.org\/wp-content\/uploads\/2022\/01\/WFFA-Regional-Division.pdf\" target=\"_blank\" rel=\"noopener\"><strong>Divisi\u00f3n Regional de la WFFA<\/strong><\/a>, rogamos consultar el documento correspondiente, disponible en la <a href=\"https:\/\/worldfreestylefootball.org\/es\/rules-regulations\/\"><strong>secci\u00f3n Normas y Reglamentos<\/strong><\/a> de nuestra p\u00e1gina web.<\/p>\n<p>Las fechas exactas de todos los Eventos Pulse se anunciar\u00e1n en los <strong>canales de la WFFA<\/strong>, incluyendo el <strong><a href=\"https:\/\/worldfreestylefootball.org\/es\/events\/\">Calendario de Eventos<\/a><\/strong> oficial de nuestra web. \u00a1S\u00edguelos para no perderte nada!<\/p>\n<hr \/>\n<p><span style=\"font-size: 10pt;\">\u00a1Para m\u00e1s informaci\u00f3n sobre las actividades de la <strong>WFFA<\/strong>, sigue sus canales oficiales!<\/span><\/p>\n<p><a href=\"https:\/\/www.facebook.com\/thewffa\" target=\"_blank\" rel=\"noopener\"><img decoding=\"async\" class=\"alignnone wp-image-3999\" src=\"https:\/\/wffa.fspdev.com\/wp-content\/uploads\/2021\/06\/facebook-green-150x150.png\" alt=\"\" width=\"40\" height=\"40\" srcset=\"https:\/\/worldfreestylefootball.org\/wp-content\/uploads\/2021\/06\/facebook-green-150x150.png 150w, https:\/\/worldfreestylefootball.org\/wp-content\/uploads\/2021\/06\/facebook-green-300x300.png 300w, https:\/\/worldfreestylefootball.org\/wp-content\/uploads\/2021\/06\/facebook-green-50x50.png 50w, https:\/\/worldfreestylefootball.org\/wp-content\/uploads\/2021\/06\/facebook-green-30x30.png 30w, https:\/\/worldfreestylefootball.org\/wp-content\/uploads\/2021\/06\/facebook-green-100x100.png 100w, https:\/\/worldfreestylefootball.org\/wp-content\/uploads\/2021\/06\/facebook-green-200x200.png 200w, https:\/\/worldfreestylefootball.org\/wp-content\/uploads\/2021\/06\/facebook-green-110x110.png 110w, https:\/\/worldfreestylefootball.org\/wp-content\/uploads\/2021\/06\/facebook-green-360x360.png 360w, https:\/\/worldfreestylefootball.org\/wp-content\/uploads\/2021\/06\/facebook-green-83x83.png 83w, https:\/\/worldfreestylefootball.org\/wp-content\/uploads\/2021\/06\/facebook-green-250x250.png 250w, https:\/\/worldfreestylefootball.org\/wp-content\/uploads\/2021\/06\/facebook-green.png 512w\" sizes=\"(max-width: 40px) 100vw, 40px\" \/><\/a><a href=\"http:\/\/www.instagram.com\/thewffa\" target=\"_blank\" rel=\"noopener\"><img loading=\"lazy\" decoding=\"async\" class=\"alignnone wp-image-4000\" src=\"https:\/\/wffa.fspdev.com\/wp-content\/uploads\/2021\/06\/instagram-green-298x300.png\" alt=\"\" width=\"37\" height=\"37\" srcset=\"https:\/\/worldfreestylefootball.org\/wp-content\/uploads\/2021\/06\/instagram-green-298x300.png 298w, https:\/\/worldfreestylefootball.org\/wp-content\/uploads\/2021\/06\/instagram-green-1016x1024.png 1016w, https:\/\/worldfreestylefootball.org\/wp-content\/uploads\/2021\/06\/instagram-green-150x150.png 150w, https:\/\/worldfreestylefootball.org\/wp-content\/uploads\/2021\/06\/instagram-green-768x774.png 768w, https:\/\/worldfreestylefootball.org\/wp-content\/uploads\/2021\/06\/instagram-green-1524x1536.png 1524w, https:\/\/worldfreestylefootball.org\/wp-content\/uploads\/2021\/06\/instagram-green-50x50.png 50w, https:\/\/worldfreestylefootball.org\/wp-content\/uploads\/2021\/06\/instagram-green-30x30.png 30w, https:\/\/worldfreestylefootball.org\/wp-content\/uploads\/2021\/06\/instagram-green-99x100.png 99w, https:\/\/worldfreestylefootball.org\/wp-content\/uploads\/2021\/06\/instagram-green-149x150.png 149w, https:\/\/worldfreestylefootball.org\/wp-content\/uploads\/2021\/06\/instagram-green-198x200.png 198w, https:\/\/worldfreestylefootball.org\/wp-content\/uploads\/2021\/06\/instagram-green-109x110.png 109w, https:\/\/worldfreestylefootball.org\/wp-content\/uploads\/2021\/06\/instagram-green-360x360.png 360w, https:\/\/worldfreestylefootball.org\/wp-content\/uploads\/2021\/06\/instagram-green-82x83.png 82w, https:\/\/worldfreestylefootball.org\/wp-content\/uploads\/2021\/06\/instagram-green-250x252.png 250w, https:\/\/worldfreestylefootball.org\/wp-content\/uploads\/2021\/06\/instagram-green.png 1997w\" sizes=\"(max-width: 37px) 100vw, 37px\" \/><\/a><a href=\"https:\/\/www.linkedin.com\/company\/world-freestyle-football-association\/\" target=\"_blank\" rel=\"noopener\"><img loading=\"lazy\" decoding=\"async\" class=\"alignnone wp-image-4001\" src=\"https:\/\/wffa.fspdev.com\/wp-content\/uploads\/2021\/06\/linkedin-green.png\" alt=\"\" width=\"36\" height=\"35\" srcset=\"https:\/\/worldfreestylefootball.org\/wp-content\/uploads\/2021\/06\/linkedin-green.png 278w, https:\/\/worldfreestylefootball.org\/wp-content\/uploads\/2021\/06\/linkedin-green-150x150.png 150w, https:\/\/worldfreestylefootball.org\/wp-content\/uploads\/2021\/06\/linkedin-green-51x50.png 51w, https:\/\/worldfreestylefootball.org\/wp-content\/uploads\/2021\/06\/linkedin-green-50x50.png 50w, https:\/\/worldfreestylefootball.org\/wp-content\/uploads\/2021\/06\/linkedin-green-30x30.png 30w, https:\/\/worldfreestylefootball.org\/wp-content\/uploads\/2021\/06\/linkedin-green-101x100.png 101w, https:\/\/worldfreestylefootball.org\/wp-content\/uploads\/2021\/06\/linkedin-green-152x150.png 152w, https:\/\/worldfreestylefootball.org\/wp-content\/uploads\/2021\/06\/linkedin-green-203x200.png 203w, https:\/\/worldfreestylefootball.org\/wp-content\/uploads\/2021\/06\/linkedin-green-112x110.png 112w, https:\/\/worldfreestylefootball.org\/wp-content\/uploads\/2021\/06\/linkedin-green-84x83.png 84w, https:\/\/worldfreestylefootball.org\/wp-content\/uploads\/2021\/06\/linkedin-green-250x246.png 250w\" sizes=\"(max-width: 36px) 100vw, 36px\" \/><\/a><a href=\"https:\/\/www.tiktok.com\/@thewffa\" target=\"_blank\" rel=\"noopener\"><img loading=\"lazy\" decoding=\"async\" class=\"alignnone wp-image-4002\" src=\"https:\/\/wffa.fspdev.com\/wp-content\/uploads\/2021\/06\/tiktok-green-292x300.png\" alt=\"\" width=\"35\" height=\"36\" srcset=\"https:\/\/worldfreestylefootball.org\/wp-content\/uploads\/2021\/06\/tiktok-green-292x300.png 292w, https:\/\/worldfreestylefootball.org\/wp-content\/uploads\/2021\/06\/tiktok-green-150x150.png 150w, https:\/\/worldfreestylefootball.org\/wp-content\/uploads\/2021\/06\/tiktok-green-49x50.png 49w, https:\/\/worldfreestylefootball.org\/wp-content\/uploads\/2021\/06\/tiktok-green-50x50.png 50w, https:\/\/worldfreestylefootball.org\/wp-content\/uploads\/2021\/06\/tiktok-green-30x30.png 30w, https:\/\/worldfreestylefootball.org\/wp-content\/uploads\/2021\/06\/tiktok-green-97x100.png 97w, https:\/\/worldfreestylefootball.org\/wp-content\/uploads\/2021\/06\/tiktok-green-146x150.png 146w, https:\/\/worldfreestylefootball.org\/wp-content\/uploads\/2021\/06\/tiktok-green-195x200.png 195w, https:\/\/worldfreestylefootball.org\/wp-content\/uploads\/2021\/06\/tiktok-green-107x110.png 107w, https:\/\/worldfreestylefootball.org\/wp-content\/uploads\/2021\/06\/tiktok-green-360x360.png 360w, https:\/\/worldfreestylefootball.org\/wp-content\/uploads\/2021\/06\/tiktok-green-81x83.png 81w, https:\/\/worldfreestylefootball.org\/wp-content\/uploads\/2021\/06\/tiktok-green-250x257.png 250w, https:\/\/worldfreestylefootball.org\/wp-content\/uploads\/2021\/06\/tiktok-green.png 438w\" sizes=\"(max-width: 35px) 100vw, 35px\" \/><\/a><a href=\"https:\/\/www.twitch.tv\/thewffa\" target=\"_blank\" rel=\"noopener\"><img loading=\"lazy\" decoding=\"async\" class=\"alignnone wp-image-4005\" src=\"https:\/\/wffa.fspdev.com\/wp-content\/uploads\/2021\/06\/twitch-logo-green-300x300.png\" alt=\"\" width=\"35\" height=\"35\" srcset=\"https:\/\/worldfreestylefootball.org\/wp-content\/uploads\/2021\/06\/twitch-logo-green-300x300.png 300w, https:\/\/worldfreestylefootball.org\/wp-content\/uploads\/2021\/06\/twitch-logo-green-150x150.png 150w, https:\/\/worldfreestylefootball.org\/wp-content\/uploads\/2021\/06\/twitch-logo-green-50x50.png 50w, https:\/\/worldfreestylefootball.org\/wp-content\/uploads\/2021\/06\/twitch-logo-green-30x30.png 30w, https:\/\/worldfreestylefootball.org\/wp-content\/uploads\/2021\/06\/twitch-logo-green-100x100.png 100w, https:\/\/worldfreestylefootball.org\/wp-content\/uploads\/2021\/06\/twitch-logo-green-200x200.png 200w, https:\/\/worldfreestylefootball.org\/wp-content\/uploads\/2021\/06\/twitch-logo-green-110x110.png 110w, https:\/\/worldfreestylefootball.org\/wp-content\/uploads\/2021\/06\/twitch-logo-green-360x360.png 360w, https:\/\/worldfreestylefootball.org\/wp-content\/uploads\/2021\/06\/twitch-logo-green-83x83.png 83w, https:\/\/worldfreestylefootball.org\/wp-content\/uploads\/2021\/06\/twitch-logo-green-250x250.png 250w, https:\/\/worldfreestylefootball.org\/wp-content\/uploads\/2021\/06\/twitch-logo-green.png 512w\" sizes=\"(max-width: 35px) 100vw, 35px\" \/><\/a><a href=\"https:\/\/www.youtube.com\/c\/thewffa\" target=\"_blank\" rel=\"noopener\"><img loading=\"lazy\" decoding=\"async\" class=\"alignnone wp-image-4004\" src=\"https:\/\/wffa.fspdev.com\/wp-content\/uploads\/2021\/06\/Youtube-green-centered-300x300.png\" alt=\"\" width=\"36\" height=\"36\" srcset=\"https:\/\/worldfreestylefootball.org\/wp-content\/uploads\/2021\/06\/Youtube-green-centered-300x300.png 300w, https:\/\/worldfreestylefootball.org\/wp-content\/uploads\/2021\/06\/Youtube-green-centered-150x150.png 150w, https:\/\/worldfreestylefootball.org\/wp-content\/uploads\/2021\/06\/Youtube-green-centered-50x50.png 50w, https:\/\/worldfreestylefootball.org\/wp-content\/uploads\/2021\/06\/Youtube-green-centered-30x30.png 30w, https:\/\/worldfreestylefootball.org\/wp-content\/uploads\/2021\/06\/Youtube-green-centered-100x100.png 100w, https:\/\/worldfreestylefootball.org\/wp-content\/uploads\/2021\/06\/Youtube-green-centered-200x200.png 200w, https:\/\/worldfreestylefootball.org\/wp-content\/uploads\/2021\/06\/Youtube-green-centered-110x110.png 110w, https:\/\/worldfreestylefootball.org\/wp-content\/uploads\/2021\/06\/Youtube-green-centered-360x360.png 360w, https:\/\/worldfreestylefootball.org\/wp-content\/uploads\/2021\/06\/Youtube-green-centered-83x83.png 83w, https:\/\/worldfreestylefootball.org\/wp-content\/uploads\/2021\/06\/Youtube-green-centered-250x250.png 250w, https:\/\/worldfreestylefootball.org\/wp-content\/uploads\/2021\/06\/Youtube-green-centered.png 512w\" sizes=\"(max-width: 36px) 100vw, 36px\" \/><\/a><\/p>","protected":false},"excerpt":{"rendered":"<p>The Freestyle Football Pulse Series are a succession of five highly competitive tournaments that act as regional championships and serve as qualifiers for the\u00a0World Freestyle\u2026 <a href=\"https:\/\/worldfreestylefootball.org\/es\/freestyle-football-pulse-series\/\">Read More &raquo;<\/a><\/p>","protected":false},"author":10,"featured_media":0,"parent":0,"menu_order":0,"comment_status":"closed","ping_status":"closed","template":"","meta":{"_acf_changed":false,"_monsterinsights_skip_tracking":false,"_monsterinsights_sitenote_active":false,"_monsterinsights_sitenote_note":"","_monsterinsights_sitenote_category":0,"footnotes":""},"class_list":["post-6406","page","type-page","status-publish","hentry"],"acf":[],"yoast_head":"<!-- This site is optimized with the Yoast SEO plugin v27.4 - https:\/\/yoast.com\/product\/yoast-seo-wordpress\/ -->\n<title>Pulse Series - The World Freestyle Football Association<\/title>\n<meta name=\"robots\" content=\"index, follow, max-snippet:-1, max-image-preview:large, max-video-preview:-1\" \/>\n<link rel=\"canonical\" href=\"https:\/\/worldfreestylefootball.org\/es\/freestyle-football-pulse-series\/\" \/>\n<meta property=\"og:locale\" content=\"es_ES\" \/>\n<meta property=\"og:type\" content=\"article\" \/>\n<meta property=\"og:title\" content=\"Freestyle Football Pulse Series\" \/>\n<meta property=\"og:description\" content=\"The Freestyle Football Pulse Series are a succession of five highly competitive tournaments that act as regional championships and serve as qualifiers for the\u00a0World Freestyle\u2026 Read More &raquo;\" \/>\n<meta property=\"og:url\" content=\"https:\/\/worldfreestylefootball.org\/es\/freestyle-football-pulse-series\/\" \/>\n<meta property=\"og:site_name\" content=\"The World Freestyle Football Association\" \/>\n<meta property=\"article:modified_time\" content=\"2026-04-06T19:47:06+00:00\" \/>\n<meta property=\"og:image\" content=\"https:\/\/worldfreestylefootball.org\/wp-content\/uploads\/2023\/02\/Pulse-Series-background.jpg\" \/>\n<meta name=\"twitter:card\" content=\"summary_large_image\" \/>\n<meta name=\"twitter:title\" content=\"Freestyle Football Pulse Series\" \/>\n<meta name=\"twitter:label1\" content=\"Tiempo de lectura\" \/>\n\t<meta name=\"twitter:data1\" content=\"3 minutos\" \/>\n<script type=\"application\/ld+json\" class=\"yoast-schema-graph\">{\"@context\":\"https:\\\/\\\/schema.org\",\"@graph\":[{\"@type\":\"WebPage\",\"@id\":\"https:\\\/\\\/worldfreestylefootball.org\\\/freestyle-football-pulse-series\\\/\",\"url\":\"https:\\\/\\\/worldfreestylefootball.org\\\/freestyle-football-pulse-series\\\/\",\"name\":\"Pulse Series - The World Freestyle Football Association\",\"isPartOf\":{\"@id\":\"https:\\\/\\\/worldfreestylefootball.org\\\/#website\"},\"primaryImageOfPage\":{\"@id\":\"https:\\\/\\\/worldfreestylefootball.org\\\/freestyle-football-pulse-series\\\/#primaryimage\"},\"image\":{\"@id\":\"https:\\\/\\\/worldfreestylefootball.org\\\/freestyle-football-pulse-series\\\/#primaryimage\"},\"thumbnailUrl\":\"https:\\\/\\\/worldfreestylefootball.org\\\/wp-content\\\/uploads\\\/2023\\\/02\\\/Pulse-Series-background.jpg\",\"datePublished\":\"2023-02-01T10:46:23+00:00\",\"dateModified\":\"2026-04-06T19:47:06+00:00\",\"breadcrumb\":{\"@id\":\"https:\\\/\\\/worldfreestylefootball.org\\\/freestyle-football-pulse-series\\\/#breadcrumb\"},\"inLanguage\":\"es\",\"potentialAction\":[{\"@type\":\"ReadAction\",\"target\":[\"https:\\\/\\\/worldfreestylefootball.org\\\/freestyle-football-pulse-series\\\/\"]}]},{\"@type\":\"ImageObject\",\"inLanguage\":\"es\",\"@id\":\"https:\\\/\\\/worldfreestylefootball.org\\\/freestyle-football-pulse-series\\\/#primaryimage\",\"url\":\"https:\\\/\\\/worldfreestylefootball.org\\\/wp-content\\\/uploads\\\/2023\\\/02\\\/Pulse-Series-background.jpg\",\"contentUrl\":\"https:\\\/\\\/worldfreestylefootball.org\\\/wp-content\\\/uploads\\\/2023\\\/02\\\/Pulse-Series-background.jpg\"},{\"@type\":\"BreadcrumbList\",\"@id\":\"https:\\\/\\\/worldfreestylefootball.org\\\/freestyle-football-pulse-series\\\/#breadcrumb\",\"itemListElement\":[{\"@type\":\"ListItem\",\"position\":1,\"name\":\"Home\",\"item\":\"https:\\\/\\\/worldfreestylefootball.org\\\/\"},{\"@type\":\"ListItem\",\"position\":2,\"name\":\"Pulse Series\"}]},{\"@type\":\"WebSite\",\"@id\":\"https:\\\/\\\/worldfreestylefootball.org\\\/#website\",\"url\":\"https:\\\/\\\/worldfreestylefootball.org\\\/\",\"name\":\"The World Freestyle Football Association\",\"description\":\"The official website of the global governing body for the sport of freestyle football\",\"potentialAction\":[{\"@type\":\"SearchAction\",\"target\":{\"@type\":\"EntryPoint\",\"urlTemplate\":\"https:\\\/\\\/worldfreestylefootball.org\\\/?s={search_term_string}\"},\"query-input\":{\"@type\":\"PropertyValueSpecification\",\"valueRequired\":true,\"valueName\":\"search_term_string\"}}],\"inLanguage\":\"es\"}]}<\/script>\n<!-- \/ Yoast SEO plugin. -->","yoast_head_json":{"title":"Pulse Series - The World Freestyle Football Association","robots":{"index":"index","follow":"follow","max-snippet":"max-snippet:-1","max-image-preview":"max-image-preview:large","max-video-preview":"max-video-preview:-1"},"canonical":"https:\/\/worldfreestylefootball.org\/es\/freestyle-football-pulse-series\/","og_locale":"es_ES","og_type":"article","og_title":"Freestyle Football Pulse Series","og_description":"The Freestyle Football Pulse Series are a succession of five highly competitive tournaments that act as regional championships and serve as qualifiers for the\u00a0World Freestyle\u2026 Read More &raquo;","og_url":"https:\/\/worldfreestylefootball.org\/es\/freestyle-football-pulse-series\/","og_site_name":"The World Freestyle Football Association","article_modified_time":"2026-04-06T19:47:06+00:00","og_image":[{"url":"https:\/\/worldfreestylefootball.org\/wp-content\/uploads\/2023\/02\/Pulse-Series-background.jpg","type":"","width":"","height":""}],"twitter_card":"summary_large_image","twitter_title":"Freestyle Football Pulse Series","twitter_misc":{"Tiempo de lectura":"3 minutos"},"schema":{"@context":"https:\/\/schema.org","@graph":[{"@type":"WebPage","@id":"https:\/\/worldfreestylefootball.org\/freestyle-football-pulse-series\/","url":"https:\/\/worldfreestylefootball.org\/freestyle-football-pulse-series\/","name":"Pulse Series - The World Freestyle Football Association","isPartOf":{"@id":"https:\/\/worldfreestylefootball.org\/#website"},"primaryImageOfPage":{"@id":"https:\/\/worldfreestylefootball.org\/freestyle-football-pulse-series\/#primaryimage"},"image":{"@id":"https:\/\/worldfreestylefootball.org\/freestyle-football-pulse-series\/#primaryimage"},"thumbnailUrl":"https:\/\/worldfreestylefootball.org\/wp-content\/uploads\/2023\/02\/Pulse-Series-background.jpg","datePublished":"2023-02-01T10:46:23+00:00","dateModified":"2026-04-06T19:47:06+00:00","breadcrumb":{"@id":"https:\/\/worldfreestylefootball.org\/freestyle-football-pulse-series\/#breadcrumb"},"inLanguage":"es","potentialAction":[{"@type":"ReadAction","target":["https:\/\/worldfreestylefootball.org\/freestyle-football-pulse-series\/"]}]},{"@type":"ImageObject","inLanguage":"es","@id":"https:\/\/worldfreestylefootball.org\/freestyle-football-pulse-series\/#primaryimage","url":"https:\/\/worldfreestylefootball.org\/wp-content\/uploads\/2023\/02\/Pulse-Series-background.jpg","contentUrl":"https:\/\/worldfreestylefootball.org\/wp-content\/uploads\/2023\/02\/Pulse-Series-background.jpg"},{"@type":"BreadcrumbList","@id":"https:\/\/worldfreestylefootball.org\/freestyle-football-pulse-series\/#breadcrumb","itemListElement":[{"@type":"ListItem","position":1,"name":"Home","item":"https:\/\/worldfreestylefootball.org\/"},{"@type":"ListItem","position":2,"name":"Pulse Series"}]},{"@type":"WebSite","@id":"https:\/\/worldfreestylefootball.org\/#website","url":"https:\/\/worldfreestylefootball.org\/","name":"The World Freestyle Football Association","description":"The official website of the global governing body for the sport of freestyle football","potentialAction":[{"@type":"SearchAction","target":{"@type":"EntryPoint","urlTemplate":"https:\/\/worldfreestylefootball.org\/?s={search_term_string}"},"query-input":{"@type":"PropertyValueSpecification","valueRequired":true,"valueName":"search_term_string"}}],"inLanguage":"es"}]}},"_links":{"self":[{"href":"https:\/\/worldfreestylefootball.org\/es\/wp-json\/wp\/v2\/pages\/6406","targetHints":{"allow":["GET"]}}],"collection":[{"href":"https:\/\/worldfreestylefootball.org\/es\/wp-json\/wp\/v2\/pages"}],"about":[{"href":"https:\/\/worldfreestylefootball.org\/es\/wp-json\/wp\/v2\/types\/page"}],"author":[{"embeddable":true,"href":"https:\/\/worldfreestylefootball.org\/es\/wp-json\/wp\/v2\/users\/10"}],"replies":[{"embeddable":true,"href":"https:\/\/worldfreestylefootball.org\/es\/wp-json\/wp\/v2\/comments?post=6406"}],"version-history":[{"count":47,"href":"https:\/\/worldfreestylefootball.org\/es\/wp-json\/wp\/v2\/pages\/6406\/revisions"}],"predecessor-version":[{"id":10197,"href":"https:\/\/worldfreestylefootball.org\/es\/wp-json\/wp\/v2\/pages\/6406\/revisions\/10197"}],"wp:attachment":[{"href":"https:\/\/worldfreestylefootball.org\/es\/wp-json\/wp\/v2\/media?parent=6406"}],"curies":[{"name":"wp","href":"https:\/\/api.w.org\/{rel}","templated":true}]}}